{"id":700,"date":"2016-06-20T10:49:42","date_gmt":"2016-06-20T08:49:42","guid":{"rendered":"http:\/\/cpsanjorge.educacion.navarra.es\/web\/?page_id=700"},"modified":"2024-07-28T13:39:39","modified_gmt":"2024-07-28T11:39:39","slug":"3o-educacion-infantil","status":"publish","type":"page","link":"https:\/\/cpsanjorge.educacion.navarra.es\/web\/3o-educacion-infantil\/","title":{"rendered":"Materiales para 3\u00ba Educaci\u00f3n Infantil"},"content":{"rendered":"\n<p><b>OBLIGATORIO PARA SEPTIEMBRE:<\/b><\/p>\n<ul style=\"text-align: justify;\">\n<li style=\"font-weight: 400; text-align: justify;\" aria-level=\"1\"><b>APORTACI\u00d3N FAMILIAR: 30 \u20ac para material did\u00e1ctico<\/b><span style=\"font-weight: 400;\">. El pago se realizar\u00e1 durante el mes de septiembre al tutor\/a correspondiente. <\/span><b>ACLARACI\u00d3N:<\/b><span style=\"font-weight: 400;\"> planteamos una metodolog\u00eda de trabajo basada en Proyectos a trav\u00e9s del juego y la experimentaci\u00f3n. Para llevarlo adelante os proponemos que, en lugar de comprar libros de texto, aport\u00e9is la cantidad arriba indicada para elaborar los materiales necesarios.<\/span><\/li>\n<\/ul>\n<p>\u00a0<\/p>\n<ul style=\"text-align: justify;\">\n<li style=\"font-weight: 400;\" aria-level=\"1\"><span style=\"font-weight: 400;\">UNA BATA CON BOTONES.<\/span><\/li>\n<li style=\"font-weight: 400;\" aria-level=\"1\"><span style=\"font-weight: 400;\">VASO PARA EL AGUA.<\/span><\/li>\n<li style=\"font-weight: 400;\" aria-level=\"1\"><span style=\"font-weight: 400;\">UNA CARPETA.<\/span><\/li>\n<li style=\"font-weight: 400;\" aria-level=\"1\"><span style=\"font-weight: 400;\">1 PAQUETE DE TOALLITAS<\/span><\/li>\n<\/ul>\n<p style=\"text-align: justify;\"><b>NOTAS<\/b><span style=\"font-weight: 400;\">: Para una mejor organizaci\u00f3n os rogamos lo siguiente:<\/span><\/p>\n<ul>\n<li style=\"font-weight: 400;\" aria-level=\"1\"><b>Todo el material debe llevar el nombre del alumno\/a.<\/b><\/li>\n<li style=\"font-weight: 400;\" aria-level=\"1\"><span style=\"font-weight: 400;\">Colocar una <\/span><b>cinta<\/b> <b>con el nombre<\/b><span style=\"font-weight: 400;\"> para colgar las chaquetas, los abrigos, anoraks, etc.<\/span><\/li>\n<li style=\"font-weight: 400;\" aria-level=\"1\"><b>Ropa c\u00f3moda<\/b><span style=\"font-weight: 400;\"> de f\u00e1cil manejo evitando el uso de cinturones, tirantes, petos, etc.<\/span><\/li>\n<li style=\"font-weight: 400;\" aria-level=\"1\"><b>Calzado<\/b><span style=\"font-weight: 400;\"> mejor <\/span><b>sin cordones<\/b><span style=\"font-weight: 400;\"> preferiblemente con hebillas, cremallera, cierre adhesivo, etc.<\/span><\/li>\n<\/ul>\n<p><span style=\"font-weight: 400;\">Agradecemos vuestra colaboraci\u00f3n,<\/span><\/p>\n<p style=\"text-align: right;\"><span style=\"font-weight: 400;\">Pamplona, junio de 2024<\/span><\/p>\n<p>\u00a0<\/p>\n","protected":false},"excerpt":{"rendered":"<p>OBLIGATORIO PARA SEPTIEMBRE: APORTACI\u00d3N FAMILIAR: 30 \u20ac para material did\u00e1ctico. El pago se realizar\u00e1 durante el mes de septiembre al tutor\/a correspondiente. ACLARACI\u00d3N: planteamos una metodolog\u00eda de trabajo basada en Proyectos a trav\u00e9s del juego y la experimentaci\u00f3n. Para llevarlo adelante os proponemos que, en lugar de comprar libros de texto, aport\u00e9is la cantidad arriba &hellip; <\/p>\n<p class=\"link-more\"><a href=\"https:\/\/cpsanjorge.educacion.navarra.es\/web\/3o-educacion-infantil\/\" class=\"more-link\">Continuar leyendo<span class=\"screen-reader-text\"> \u00abMateriales para 3\u00ba Educaci\u00f3n Infantil\u00bb<\/span><\/a><\/p>\n","protected":false},"author":1,"featured_media":0,"parent":0,"menu_order":0,"comment_status":"closed","ping_status":"closed","template":"","meta":[],"_links":{"self":[{"href":"https:\/\/cpsanjorge.educacion.navarra.es\/web\/wp-json\/wp\/v2\/pages\/700"}],"collection":[{"href":"https:\/\/cpsanjorge.educacion.navarra.es\/web\/wp-json\/wp\/v2\/pages"}],"about":[{"href":"https:\/\/cpsanjorge.educacion.navarra.es\/web\/wp-json\/wp\/v2\/types\/page"}],"author":[{"embeddable":true,"href":"https:\/\/cpsanjorge.educacion.navarra.es\/web\/wp-json\/wp\/v2\/users\/1"}],"replies":[{"embeddable":true,"href":"https:\/\/cpsanjorge.educacion.navarra.es\/web\/wp-json\/wp\/v2\/comments?post=700"}],"version-history":[{"count":19,"href":"https:\/\/cpsanjorge.educacion.navarra.es\/web\/wp-json\/wp\/v2\/pages\/700\/revisions"}],"predecessor-version":[{"id":4029,"href":"https:\/\/cpsanjorge.educacion.navarra.es\/web\/wp-json\/wp\/v2\/pages\/700\/revisions\/4029"}],"wp:attachment":[{"href":"https:\/\/cpsanjorge.educacion.navarra.es\/web\/wp-json\/wp\/v2\/media?parent=700"}],"curies":[{"name":"wp","href":"https:\/\/api.w.org\/{rel}","templated":true}]}}