{"id":694,"date":"2016-06-20T10:49:17","date_gmt":"2016-06-20T08:49:17","guid":{"rendered":"http:\/\/cpsanjorge.educacion.navarra.es\/web\/?page_id=694"},"modified":"2024-07-28T13:34:03","modified_gmt":"2024-07-28T11:34:03","slug":"1o-educacion-infantil","status":"publish","type":"page","link":"https:\/\/cpsanjorge.educacion.navarra.es\/web\/1o-educacion-infantil\/","title":{"rendered":"Materiales para 1\u00ba Educaci\u00f3n Infantil"},"content":{"rendered":"\n<p><b>APORTACI\u00d3N FAMILIAR: 30 \u20ac <\/b><span style=\"font-weight: 400;\">para material did\u00e1ctico. El pago se realizar\u00e1 durante el mes de septiembre a la tutora correspondiente.\u00a0<\/span><\/p>\n<p><b>ACLARACI\u00d3N:<\/b><span style=\"font-weight: 400;\"> planteamos una metodolog\u00eda de trabajo basada en Proyectos a trav\u00e9s del juego y la experimentaci\u00f3n. Para llevarlo adelante os proponemos que, en lugar de comprar libros de texto, aport\u00e9is la cantidad arriba indicada para elaborar los materiales necesarios.<\/span><\/p>\n<p><b>MATERIAL ESCOLAR:<\/b><\/p>\n<ul>\n<li style=\"font-weight: 400;\" aria-level=\"1\"><span style=\"font-weight: 400;\">UNA BATA CON BOTONES CON CINTA PARA COLGAR.<\/span><\/li>\n<li style=\"font-weight: 400;\" aria-level=\"1\"><span style=\"font-weight: 400;\">VASO PARA EL AGUA.<\/span><\/li>\n<li style=\"font-weight: 400;\" aria-level=\"1\"><span style=\"font-weight: 400;\">BOLSA PEQUE\u00d1A PARA EL ALMUERZO.<\/span><\/li>\n<li style=\"font-weight: 400;\" aria-level=\"1\"><span style=\"font-weight: 400;\">4 FOTOGRAF\u00cdAS TAMA\u00d1O CARNET Y 1 AMPLIACI\u00d3N DE LA MISMA.<\/span><\/li>\n<li style=\"font-weight: 400;\" aria-level=\"1\"><span style=\"font-weight: 400;\">UNA CARPETA.<\/span><\/li>\n<li style=\"font-weight: 400;\" aria-level=\"1\"><span style=\"font-weight: 400;\">1 PAQUETE DE TOALLITAS.<\/span><\/li>\n<li style=\"font-weight: 400;\" aria-level=\"1\"><span style=\"font-weight: 400;\">ROPA DE RECAMBIO MARCADA CON EL NOMBRE.<\/span><\/li>\n<\/ul>\n<p style=\"text-align: justify;\"><b>NOTAS EXPLICATIVAS<\/b><span style=\"font-weight: 400;\">: para una mejor organizaci\u00f3n os rogamos lo siguiente:<\/span><\/p>\n<ul style=\"text-align: justify;\">\n<li style=\"font-weight: 400;\" aria-level=\"1\"><span style=\"font-weight: 400;\">Deben aportar el n\u00ba de tel\u00e9fono del domicilio, del lugar de trabajo u otros (m\u00f3vil).<\/span><\/li>\n<\/ul>\n<ul>\n<li style=\"font-weight: 400; text-align: justify;\" aria-level=\"1\"><span style=\"font-weight: 400;\">Todo el material debe llevar el nombre del alumno\/a.<\/span><\/li>\n<li style=\"font-weight: 400; text-align: justify;\" aria-level=\"1\"><span style=\"font-weight: 400;\">Colocar una cinta para colgar los abrigos, anoraks, chaquetas, etc.\u00a0<\/span><\/li>\n<li style=\"font-weight: 400; text-align: justify;\" aria-level=\"1\"><span style=\"font-weight: 400;\">Ropa c\u00f3moda de f\u00e1cil manejo evitando el uso de cinturones, tirantes, petos, botones con dificultad, etc.<\/span><\/li>\n<li style=\"font-weight: 400; text-align: justify;\" aria-level=\"1\"><b>Calzado<\/b><span style=\"font-weight: 400;\"> mejor <\/span><b>sin cordones<\/b><span style=\"font-weight: 400;\"> preferiblemente con hebillas, cremallera, cierre adhesivo, etc.<\/span><\/li>\n<\/ul>\n<p><span style=\"font-weight: 400;\">Agradecemos vuestra colaboraci\u00f3n.<\/span><\/p>\n<p style=\"text-align: right;\"><span style=\"font-weight: 400;\">Pamplona, junio de 2024<\/span><\/p>\n<p style=\"text-align: center;\">\u00a0<\/p>\n","protected":false},"excerpt":{"rendered":"<p>APORTACI\u00d3N FAMILIAR: 30 \u20ac para material did\u00e1ctico. El pago se realizar\u00e1 durante el mes de septiembre a la tutora correspondiente.\u00a0 ACLARACI\u00d3N: planteamos una metodolog\u00eda de trabajo basada en Proyectos a trav\u00e9s del juego y la experimentaci\u00f3n. Para llevarlo adelante os proponemos que, en lugar de comprar libros de texto, aport\u00e9is la cantidad arriba indicada para &hellip; <\/p>\n<p class=\"link-more\"><a href=\"https:\/\/cpsanjorge.educacion.navarra.es\/web\/1o-educacion-infantil\/\" class=\"more-link\">Continuar leyendo<span class=\"screen-reader-text\"> \u00abMateriales para 1\u00ba Educaci\u00f3n Infantil\u00bb<\/span><\/a><\/p>\n","protected":false},"author":1,"featured_media":0,"parent":0,"menu_order":0,"comment_status":"closed","ping_status":"closed","template":"","meta":[],"_links":{"self":[{"href":"https:\/\/cpsanjorge.educacion.navarra.es\/web\/wp-json\/wp\/v2\/pages\/694"}],"collection":[{"href":"https:\/\/cpsanjorge.educacion.navarra.es\/web\/wp-json\/wp\/v2\/pages"}],"about":[{"href":"https:\/\/cpsanjorge.educacion.navarra.es\/web\/wp-json\/wp\/v2\/types\/page"}],"author":[{"embeddable":true,"href":"https:\/\/cpsanjorge.educacion.navarra.es\/web\/wp-json\/wp\/v2\/users\/1"}],"replies":[{"embeddable":true,"href":"https:\/\/cpsanjorge.educacion.navarra.es\/web\/wp-json\/wp\/v2\/comments?post=694"}],"version-history":[{"count":18,"href":"https:\/\/cpsanjorge.educacion.navarra.es\/web\/wp-json\/wp\/v2\/pages\/694\/revisions"}],"predecessor-version":[{"id":4535,"href":"https:\/\/cpsanjorge.educacion.navarra.es\/web\/wp-json\/wp\/v2\/pages\/694\/revisions\/4535"}],"wp:attachment":[{"href":"https:\/\/cpsanjorge.educacion.navarra.es\/web\/wp-json\/wp\/v2\/media?parent=694"}],"curies":[{"name":"wp","href":"https:\/\/api.w.org\/{rel}","templated":true}]}}