{"id":332,"date":"2016-04-07T12:20:08","date_gmt":"2016-04-07T10:20:08","guid":{"rendered":"http:\/\/cpsanjorge.educacion.navarra.es\/web\/?page_id=332"},"modified":"2025-09-10T11:04:59","modified_gmt":"2025-09-10T09:04:59","slug":"6o-educacion-primaria","status":"publish","type":"page","link":"https:\/\/cpsanjorge.educacion.navarra.es\/web\/6o-educacion-primaria\/","title":{"rendered":"Materiales para 6\u00ba Educaci\u00f3n Primaria"},"content":{"rendered":"\n<p>\u00a0 \u00a0 \u00a0 \u00a0 \u00a0CUADERNOS <strong><u>CUADRICULADOS<\/u><\/strong> TAMA\u00d1O FOLIO:<\/p>\n<ul>\n<li style=\"list-style-type: none;\">\n<ul>\n<li>1\u00a0 PARA MATEM\u00c1TICAS.<\/li>\n<li>1\u00a0 PARA LENGUA.<\/li>\n<li>1\u00a0 PARA CONOCIMIENTO DEL<\/li>\n<li>1\u00a0 PARA INGL\u00c9S (*Solo alumnado nuevo)<\/li>\n<li>1\u00a0 PARA RELIGI\u00d3N.<\/li>\n<li>1\u00a0 PARA EUSKERA (*Solo alumnado nuevo)<\/li>\n<\/ul>\n<\/li>\n<\/ul>\n<p><strong>SI TIENEN MATERIALES EN BUEN ESTADO DEL CURSO ANTERIOR, PUEDEN CONTINUAR CON LOS MISMOS.<\/strong><\/p>\n<ul>\n<li style=\"list-style-type: none;\">\n<ul>\n<li>1 ARCHIVADOR DE FUNDAS DE PL\u00c1STICO (M\u00c1S DE 20 FUNDAS).<\/li>\n<li>TIJERAS.<\/li>\n<li>CARPETAS PARA M\u00daSICA, RELIGI\u00d3N, EUSKERA Y FRANC\u00c9S.<\/li>\n<\/ul>\n<\/li>\n<\/ul>\n<p>\u00a0<\/p>\n<ul>\n<li>BOL\u00cdGRAFOS BORRABLES DE COLOR AZUL Y ROJO.<\/li>\n<li>3 L\u00c1PICES DEL N\u00ba2, 3 GOMAS Y SACAPUNTAS.<\/li>\n<li>PEGAMENTO DE BARRA.<\/li>\n<li>L\u00c1PICES DE COLORES (MADERA O PLASTIDECOR).<\/li>\n<\/ul>\n<p>\u00a0<\/p>\n<ul>\n<li><strong>MATERIAL PARA INGL\u00c9S: <\/strong>HEROES 6 ACTIVITY BOOK PK (+GRAM PRACT). MCMILLAN E.L.T. I<strong>SBN: 9781380055330.<\/strong><\/li>\n<\/ul>\n<ul>\n<li><strong>MATERIAL PARA EUSKERA: <\/strong>SE CONTINUAR\u00c1 CON EL LIBRO DE 5\u00ba DE PRIMARIA.<\/li>\n<li><strong>MATERIAL PARA FRANC\u00c9S: <\/strong>SE CONTINUAR\u00c1 CON EL LIBRO DEL CURSO ANTERIOR.<\/li>\n<\/ul>\n<p>\u00a0<\/p>\n<p style=\"text-align: right;\">Pamplona, junio de 2025<\/p>\n","protected":false},"excerpt":{"rendered":"<p>\u00a0 \u00a0 \u00a0 \u00a0 \u00a0CUADERNOS CUADRICULADOS TAMA\u00d1O FOLIO: 1\u00a0 PARA MATEM\u00c1TICAS. 1\u00a0 PARA LENGUA. 1\u00a0 PARA CONOCIMIENTO DEL 1\u00a0 PARA INGL\u00c9S (*Solo alumnado nuevo) 1\u00a0 PARA RELIGI\u00d3N. 1\u00a0 PARA EUSKERA (*Solo alumnado nuevo) SI TIENEN MATERIALES EN BUEN ESTADO DEL CURSO ANTERIOR, PUEDEN CONTINUAR CON LOS MISMOS. 1 ARCHIVADOR DE FUNDAS DE PL\u00c1STICO (M\u00c1S DE &hellip; <\/p>\n<p class=\"link-more\"><a href=\"https:\/\/cpsanjorge.educacion.navarra.es\/web\/6o-educacion-primaria\/\" class=\"more-link\">Continuar leyendo<span class=\"screen-reader-text\"> \u00abMateriales para 6\u00ba Educaci\u00f3n Primaria\u00bb<\/span><\/a><\/p>\n","protected":false},"author":1,"featured_media":0,"parent":0,"menu_order":0,"comment_status":"closed","ping_status":"closed","template":"","meta":[],"_links":{"self":[{"href":"https:\/\/cpsanjorge.educacion.navarra.es\/web\/wp-json\/wp\/v2\/pages\/332"}],"collection":[{"href":"https:\/\/cpsanjorge.educacion.navarra.es\/web\/wp-json\/wp\/v2\/pages"}],"about":[{"href":"https:\/\/cpsanjorge.educacion.navarra.es\/web\/wp-json\/wp\/v2\/types\/page"}],"author":[{"embeddable":true,"href":"https:\/\/cpsanjorge.educacion.navarra.es\/web\/wp-json\/wp\/v2\/users\/1"}],"replies":[{"embeddable":true,"href":"https:\/\/cpsanjorge.educacion.navarra.es\/web\/wp-json\/wp\/v2\/comments?post=332"}],"version-history":[{"count":20,"href":"https:\/\/cpsanjorge.educacion.navarra.es\/web\/wp-json\/wp\/v2\/pages\/332\/revisions"}],"predecessor-version":[{"id":4549,"href":"https:\/\/cpsanjorge.educacion.navarra.es\/web\/wp-json\/wp\/v2\/pages\/332\/revisions\/4549"}],"wp:attachment":[{"href":"https:\/\/cpsanjorge.educacion.navarra.es\/web\/wp-json\/wp\/v2\/media?parent=332"}],"curies":[{"name":"wp","href":"https:\/\/api.w.org\/{rel}","templated":true}]}}