{"id":3187,"date":"2023-02-14T21:37:36","date_gmt":"2023-02-14T20:37:36","guid":{"rendered":"https:\/\/cpsanjorge.educacion.navarra.es\/web\/?page_id=3187"},"modified":"2023-02-28T10:44:33","modified_gmt":"2023-02-28T09:44:33","slug":"las-tertulias-literarias-dialogicas-y-las-asambleas-de-aula","status":"publish","type":"page","link":"https:\/\/cpsanjorge.educacion.navarra.es\/web\/las-tertulias-literarias-dialogicas-y-las-asambleas-de-aula\/","title":{"rendered":"Tertulias dial\u00f3gicas y asambleas de aula"},"content":{"rendered":"\n<p style=\"text-align: justify;\"><span style=\"font-weight: 400;\">La necesidad alumbra el progreso y desde el absoluto respeto a la evoluci\u00f3n de cada persona, de cada colectivo, de cada grupo humano, concebimos la libertad de ir adoptando el compromiso dial\u00f3gico para aprender m\u00e1s y transformar nuestras vidas y la sociedad entera.<\/span><\/p>\n<p style=\"text-align: justify;\"><span style=\"font-weight: 400;\">El di\u00e1logo da pie a comprender mejor un texto en una <strong>tertulia literaria dial\u00f3gica<\/strong>, a entender mejor a las otras personas y sus razones en las <strong>asambleas de aula, <\/strong>a hablar desde el coraz\u00f3n sobre c\u00f3mo nos gusta que nos traten cuando escuchamos a las otras personas en el Club de Valientes. A esto \u00faltimo lo llamamos <em>lenguaje del deseo<\/em>. La gran ventaja de estas tres actuaciones, su raz\u00f3n de ser, es que todas ellas contribuyen a mejorar la convivencia porque cuando escuchamos con atenci\u00f3n y dialogamos con respeto se enciende la mecha del pensamiento propio. El di\u00e1logo igualitario se ense\u00f1orea en estas tres actuaciones cuyo \u00e9xito nace del respeto mutuo y de la simple oportunidad para que existan.\u00a0As\u00ed llegamos a ser quienes somos, por la mirada de las otras personas. No es ocioso, por tanto, que hayamos de agradecerles su presencia y participaci\u00f3n, por peque\u00f1as que sean, en nuestras vidas.<\/span><\/p>\n<figure id=\"attachment_1819\" aria-describedby=\"caption-attachment-1819\" style=\"width: 768px\" class=\"wp-caption aligncenter\"><img loading=\"lazy\" class=\"size-full wp-image-1819\" src=\"https:\/\/cpsanjorge.educacion.navarra.es\/web\/wp-content\/uploads\/2020\/11\/IMG-20201020-WA0023-1.jpg\" alt=\"\" width=\"768\" height=\"1024\" srcset=\"https:\/\/cpsanjorge.educacion.navarra.es\/web\/wp-content\/uploads\/2020\/11\/IMG-20201020-WA0023-1.jpg 768w, https:\/\/cpsanjorge.educacion.navarra.es\/web\/wp-content\/uploads\/2020\/11\/IMG-20201020-WA0023-1-225x300.jpg 225w\" sizes=\"(max-width: 767px) 89vw, (max-width: 1000px) 54vw, (max-width: 1071px) 543px, 580px\" \/><figcaption id=\"caption-attachment-1819\" class=\"wp-caption-text\">Convivir no es un punto de llegada, es un aprendizaje que, como cualquiera materia escolar, debe acoger los errores y corregirlos con cari\u00f1o y claridad.<\/figcaption><\/figure>\n<p style=\"text-align: justify;\"><span style=\"font-weight: 400;\">Necesitamos aprender a leer, necesitamos practicar la escritura, proponer soluciones a los problemas, anticiparlos&#8230; Tambi\u00e9n necesitamos aprender a dialogar, que es lo mismo que aprender a vivir juntos. As\u00ed se entiende que el<\/span><span style=\"font-weight: 400;\"> di\u00e1logo, poco a poco, vaya cobrando m\u00e1s protagonismo en las aulas para dar fuerza a los buenos tratos y dar la vuelta a las cosas porque muchas veces quienes mejor tratan a las dem\u00e1s personas, pasan desapercibidos.\u00a0<\/span><\/p>\n<p style=\"text-align: justify;\"><span style=\"font-weight: 400;\">Exponer temas, narrar sucesos, describir situaciones, secuenciar hechos y, especialmente, esgrimir argumentos son aprendizajes b\u00e1sicos que se convierten en indispensables, en pilares de la educaci\u00f3n, no importa c\u00f3mo las nuevas tecnolog\u00edas colonicen las aulas de todo el mundo. Aunque distintas en cuanto a su prop\u00f3sito,\u00a0 las <strong>tertulias dial\u00f3gicas y las asambleas\u00a0 potencian esos aprendizajes indispensables y \u00a1muy importante! fomentan las redes de amistad<\/strong> porque ayudan a comprender mejor a los dem\u00e1s. La raz\u00f3n por la que se escogen obras literarias cl\u00e1sicas de la literatura universal para las tertulias literarias y no meros libros de entretenimiento no es ajena a este planteamiento. Estos \u00faltimos no enriquecen la lectura compartida en la medida que lo hacen aquellas. Si un libro se ha convertido en cl\u00e1sico es porque, de una manera u otra, aborda grandes problema que han acuciado a la humanidad y que han propuesto alg\u00fan tipo de soluci\u00f3n o han contribuido a comprender mejor la naturaleza humana sin caer en t\u00f3picos.\u00a0<\/span><\/p>\n<figure id=\"attachment_1820\" aria-describedby=\"caption-attachment-1820\" style=\"width: 640px\" class=\"wp-caption aligncenter\"><img loading=\"lazy\" class=\"wp-image-1820 size-large\" src=\"https:\/\/cpsanjorge.educacion.navarra.es\/web\/wp-content\/uploads\/2020\/11\/20201028_122659-1-1024x768.jpg\" alt=\"\" width=\"640\" height=\"480\" srcset=\"https:\/\/cpsanjorge.educacion.navarra.es\/web\/wp-content\/uploads\/2020\/11\/20201028_122659-1-1024x768.jpg 1024w, https:\/\/cpsanjorge.educacion.navarra.es\/web\/wp-content\/uploads\/2020\/11\/20201028_122659-1-300x225.jpg 300w, https:\/\/cpsanjorge.educacion.navarra.es\/web\/wp-content\/uploads\/2020\/11\/20201028_122659-1-768x576.jpg 768w, https:\/\/cpsanjorge.educacion.navarra.es\/web\/wp-content\/uploads\/2020\/11\/20201028_122659-1-1536x1152.jpg 1536w, https:\/\/cpsanjorge.educacion.navarra.es\/web\/wp-content\/uploads\/2020\/11\/20201028_122659-1-2048x1536.jpg 2048w\" sizes=\"(max-width: 640px) 100vw, 640px\" \/><figcaption id=\"caption-attachment-1820\" class=\"wp-caption-text\">Aprender a leer nos llevar\u00e1 toda la vida. Dialogar sobre lo le\u00eddo moldea nuestro cerebro, nos da mejores opciones de vida. Esto convierte a la tertulia en una actuaci\u00f3n educativa insustituible.<\/figcaption><\/figure>\n<p style=\"text-align: justify;\"><span style=\"font-weight: 400;\">Hablar con libertad en una tertulia o en una asamblea es muy importante.<em> \u00abLa libertad de expresi\u00f3n no es el derecho a decir lo que se piensa sino a pensar lo que se dice<\/em>\u00ab, nos recuerda el fil\u00f3sofo Emilio Lled\u00f3. Esto se sustenta en el cuidado del lenguaje, en la elecci\u00f3n esmerada de lo que se dice y en la libertad de rechazar con rotundidad, si se produjeran, las faltas de respeto, los exabruptos, los insultos&#8230;<\/span><\/p>\n<p style=\"text-align: justify;\">Tenemos total confianza en los ni\u00f1os y ni\u00f1as del cole, y tambi\u00e9n en el compromiso de sus familias\u00a0 para que las tertulias dial\u00f3gicas, las asambleas de aula y el Club de Valientes contribuyan a lograr una convivencia armoniosa y cordial y alcancemos los mejores aprendizajes. <strong>Las maestras y los maestros seguiremos ah\u00ed, como siempre, para acompa\u00f1arles al comienzo de un viaje que\u00a0 durar\u00e1 toda la vida.\u00a0<\/strong><\/p>\n","protected":false},"excerpt":{"rendered":"<p>La necesidad alumbra el progreso y desde el absoluto respeto a la evoluci\u00f3n de cada persona, de cada colectivo, de cada grupo humano, concebimos la libertad de ir adoptando el compromiso dial\u00f3gico para aprender m\u00e1s y transformar nuestras vidas y la sociedad entera. El di\u00e1logo da pie a comprender mejor un texto en una tertulia &hellip; <\/p>\n<p class=\"link-more\"><a href=\"https:\/\/cpsanjorge.educacion.navarra.es\/web\/las-tertulias-literarias-dialogicas-y-las-asambleas-de-aula\/\" class=\"more-link\">Continuar leyendo<span class=\"screen-reader-text\"> \u00abTertulias dial\u00f3gicas y asambleas de aula\u00bb<\/span><\/a><\/p>\n","protected":false},"author":1,"featured_media":0,"parent":0,"menu_order":0,"comment_status":"closed","ping_status":"closed","template":"","meta":[],"_links":{"self":[{"href":"https:\/\/cpsanjorge.educacion.navarra.es\/web\/wp-json\/wp\/v2\/pages\/3187"}],"collection":[{"href":"https:\/\/cpsanjorge.educacion.navarra.es\/web\/wp-json\/wp\/v2\/pages"}],"about":[{"href":"https:\/\/cpsanjorge.educacion.navarra.es\/web\/wp-json\/wp\/v2\/types\/page"}],"author":[{"embeddable":true,"href":"https:\/\/cpsanjorge.educacion.navarra.es\/web\/wp-json\/wp\/v2\/users\/1"}],"replies":[{"embeddable":true,"href":"https:\/\/cpsanjorge.educacion.navarra.es\/web\/wp-json\/wp\/v2\/comments?post=3187"}],"version-history":[{"count":4,"href":"https:\/\/cpsanjorge.educacion.navarra.es\/web\/wp-json\/wp\/v2\/pages\/3187\/revisions"}],"predecessor-version":[{"id":3260,"href":"https:\/\/cpsanjorge.educacion.navarra.es\/web\/wp-json\/wp\/v2\/pages\/3187\/revisions\/3260"}],"wp:attachment":[{"href":"https:\/\/cpsanjorge.educacion.navarra.es\/web\/wp-json\/wp\/v2\/media?parent=3187"}],"curies":[{"name":"wp","href":"https:\/\/api.w.org\/{rel}","templated":true}]}}