{"id":318,"date":"2016-04-07T12:08:17","date_gmt":"2016-04-07T10:08:17","guid":{"rendered":"http:\/\/cpsanjorge.educacion.navarra.es\/web\/?page_id=318"},"modified":"2025-09-10T10:02:12","modified_gmt":"2025-09-10T08:02:12","slug":"2o-educacion-primaria","status":"publish","type":"page","link":"https:\/\/cpsanjorge.educacion.navarra.es\/web\/2o-educacion-primaria\/","title":{"rendered":"Materiales para 2\u00ba Educaci\u00f3n Primaria"},"content":{"rendered":"\n<ul>\n<li style=\"font-weight: 400;\" aria-level=\"1\"><span style=\"font-weight: 400;\">1 ESTUCHE DE DOS CREMALLERAS<\/span><\/li>\n<li style=\"font-weight: 400;\" aria-level=\"1\"><span style=\"font-weight: 400;\">5 L\u00c1PICES DEL N\u00ba2.<\/span><\/li>\n<li style=\"font-weight: 400;\" aria-level=\"1\"><span style=\"font-weight: 400;\">2 L\u00c1PICES\u00a0 BICOLOR ROJO Y AZUL.<\/span><\/li>\n<li style=\"font-weight: 400;\" aria-level=\"1\"><span style=\"font-weight: 400;\">5 GOMAS BLANDAS DE MIL\u00c1N.<\/span><\/li>\n<li style=\"font-weight: 400;\" aria-level=\"1\"><span style=\"font-weight: 400;\">1 PEGAMENTO DE BARRA.<\/span><\/li>\n<li style=\"font-weight: 400;\" aria-level=\"1\"><span style=\"font-weight: 400;\">1 CAJA DE 12 PINTURAS PLASTIDECOR.<\/span><\/li>\n<li style=\"font-weight: 400;\" aria-level=\"1\"><span style=\"font-weight: 400;\">1 MALET\u00cdN DE PL\u00c1STICO CON ASAS.<\/span><\/li>\n<\/ul>\n<p>\u00a0<\/p>\n<ul>\n<li style=\"font-weight: 400;\" aria-level=\"1\"><b>EL ALUMNADO QUE <\/b><b>CURSE EUSKERA<\/b><span style=\"font-weight: 400;\"> CONTINUAR\u00c1 CON EL LIBRO Y LA CARPETA DEL CURSO PASADO.<\/span><\/li>\n<\/ul>\n<p>\u00a0<\/p>\n<ul>\n<li><span style=\"font-weight: 400;\">EN CASA DEBER\u00c1N TENER UN ESTUCHE COMPLETO (L\u00c1PIZ, GOMA, SACAPUNTAS Y PINTURAS).<\/span><\/li>\n<\/ul>\n<p>\u00a0<\/p>\n<table>\n<tbody>\n<tr>\n<td>\n<p><b>TODO EL MATERIAL DEBE ESTAR MARCADO CON EL NOMBRE.<\/b><\/p>\n<p><b>REUTILIZAR EL MATERIAL QUE HA QUEDADO NUEVO DEL CURSO ANTERIOR.<\/b><\/p>\n<\/td>\n<\/tr>\n<\/tbody>\n<\/table>\n<p style=\"text-align: right;\"><span style=\"font-weight: 400;\">Pamplona, junio de 2025<\/span><\/p>\n<p>\u00a0<\/p>\n","protected":false},"excerpt":{"rendered":"<p>1 ESTUCHE DE DOS CREMALLERAS 5 L\u00c1PICES DEL N\u00ba2. 2 L\u00c1PICES\u00a0 BICOLOR ROJO Y AZUL. 5 GOMAS BLANDAS DE MIL\u00c1N. 1 PEGAMENTO DE BARRA. 1 CAJA DE 12 PINTURAS PLASTIDECOR. 1 MALET\u00cdN DE PL\u00c1STICO CON ASAS. \u00a0 EL ALUMNADO QUE CURSE EUSKERA CONTINUAR\u00c1 CON EL LIBRO Y LA CARPETA DEL CURSO PASADO. \u00a0 EN CASA &hellip; <\/p>\n<p class=\"link-more\"><a href=\"https:\/\/cpsanjorge.educacion.navarra.es\/web\/2o-educacion-primaria\/\" class=\"more-link\">Continuar leyendo<span class=\"screen-reader-text\"> \u00abMateriales para 2\u00ba Educaci\u00f3n Primaria\u00bb<\/span><\/a><\/p>\n","protected":false},"author":1,"featured_media":0,"parent":0,"menu_order":0,"comment_status":"closed","ping_status":"closed","template":"","meta":[],"_links":{"self":[{"href":"https:\/\/cpsanjorge.educacion.navarra.es\/web\/wp-json\/wp\/v2\/pages\/318"}],"collection":[{"href":"https:\/\/cpsanjorge.educacion.navarra.es\/web\/wp-json\/wp\/v2\/pages"}],"about":[{"href":"https:\/\/cpsanjorge.educacion.navarra.es\/web\/wp-json\/wp\/v2\/types\/page"}],"author":[{"embeddable":true,"href":"https:\/\/cpsanjorge.educacion.navarra.es\/web\/wp-json\/wp\/v2\/users\/1"}],"replies":[{"embeddable":true,"href":"https:\/\/cpsanjorge.educacion.navarra.es\/web\/wp-json\/wp\/v2\/comments?post=318"}],"version-history":[{"count":21,"href":"https:\/\/cpsanjorge.educacion.navarra.es\/web\/wp-json\/wp\/v2\/pages\/318\/revisions"}],"predecessor-version":[{"id":4539,"href":"https:\/\/cpsanjorge.educacion.navarra.es\/web\/wp-json\/wp\/v2\/pages\/318\/revisions\/4539"}],"wp:attachment":[{"href":"https:\/\/cpsanjorge.educacion.navarra.es\/web\/wp-json\/wp\/v2\/media?parent=318"}],"curies":[{"name":"wp","href":"https:\/\/api.w.org\/{rel}","templated":true}]}}