{"id":3162,"date":"2023-02-13T22:42:28","date_gmt":"2023-02-13T21:42:28","guid":{"rendered":"https:\/\/cpsanjorge.educacion.navarra.es\/web\/?page_id=3162"},"modified":"2023-02-13T22:54:58","modified_gmt":"2023-02-13T21:54:58","slug":"el-juego-heuristico","status":"publish","type":"page","link":"https:\/\/cpsanjorge.educacion.navarra.es\/web\/el-juego-heuristico\/","title":{"rendered":"El Juego Heur\u00edstico"},"content":{"rendered":"\n<p style=\"text-align: justify;\">El juego heur\u00edstico es una actividad plenamente consolidada en la etapa de Educaci\u00f3n Infantil de nuestro centro desde hace a\u00f1os. Concebido por la investigadora inglesa <em>Elinor Goldschmied<\/em>, el juego heur\u00edstico no es una receta, es un enfoque que propicia el<span style=\"font-weight: 400;\">\u00a0<\/span><b>aprendizaje individual <\/b>genuino<span style=\"font-weight: 400;\"> en el que cada ni\u00f1o, cada ni\u00f1a hace sus propios descubrimientos. Cada sesi\u00f3n del juego heur\u00edstico se plantea como una situaci\u00f3n de juego en el que los ni\u00f1os y ni\u00f1as van descubriendo a trav\u00e9s de los sentidos, las caracter\u00edsticas y cualidades de los objetos que manipulan y las relaciones que existen entre ellos. <\/span><\/p>\n<p><img loading=\"lazy\" class=\"aligncenter  wp-image-3168\" src=\"https:\/\/cpsanjorge.educacion.navarra.es\/web\/wp-content\/uploads\/2023\/02\/nin\u0303a-2-1024x724.jpg\" alt=\"\" width=\"665\" height=\"471\" srcset=\"https:\/\/cpsanjorge.educacion.navarra.es\/web\/wp-content\/uploads\/2023\/02\/nin\u0303a-2-1024x724.jpg 1024w, https:\/\/cpsanjorge.educacion.navarra.es\/web\/wp-content\/uploads\/2023\/02\/nin\u0303a-2-300x212.jpg 300w, https:\/\/cpsanjorge.educacion.navarra.es\/web\/wp-content\/uploads\/2023\/02\/nin\u0303a-2-768x543.jpg 768w, https:\/\/cpsanjorge.educacion.navarra.es\/web\/wp-content\/uploads\/2023\/02\/nin\u0303a-2-1536x1086.jpg 1536w, https:\/\/cpsanjorge.educacion.navarra.es\/web\/wp-content\/uploads\/2023\/02\/nin\u0303a-2-2048x1447.jpg 2048w\" sizes=\"(max-width: 665px) 100vw, 665px\" \/><\/p>\n<p style=\"text-align: justify;\"><span style=\"font-weight: 400;\">Cada uno dispone de un conjunto de objetos y materiales de la vida cotidiana para que se pregunte <em>\u00bfqu\u00e9 puedo hacer con esto?<\/em> Consiste, por tanto, en una invitaci\u00f3n para <\/span><b>investigar, experimentar, percibir, realizar hip\u00f3tesis y hacer comprobaciones <\/b><b>a trav\u00e9s de la acci\u00f3n y la manipulaci\u00f3n de los distintos objetos disponibles. <\/b>Cada acci\u00f3n que el ni\u00f1o o la ni\u00f1a realiza contribuye al desarrollo del pensamiento matem\u00e1tico de muy diversas maneras como, por ejemplo, <span style=\"font-weight: 400;\">permitiendo la exploraci\u00f3n de su entorno cercano, i<\/span><span style=\"font-weight: 400;\">dentificando las cualidades de los objetos y estableciendo relaciones entre ellos (agrup\u00e1ndolos, clasific\u00e1ndolos, etc.) o induciendo<\/span><span style=\"font-weight: 400;\">\u00a0 algunas leyes f\u00edsicas como el equilibrio o la\u00a0 gravedad,\u00a0 tan importantes para el desarrollo de su innato deseo por la exploraci\u00f3n cient\u00edfica.<\/span><\/p>\n<figure id=\"attachment_3164\" aria-describedby=\"caption-attachment-3164\" style=\"width: 640px\" class=\"wp-caption aligncenter\"><img loading=\"lazy\" class=\"size-large wp-image-3164\" src=\"https:\/\/cpsanjorge.educacion.navarra.es\/web\/wp-content\/uploads\/2023\/02\/pared-contenedores-1024x724.jpg\" alt=\"\" width=\"640\" height=\"453\" srcset=\"https:\/\/cpsanjorge.educacion.navarra.es\/web\/wp-content\/uploads\/2023\/02\/pared-contenedores-1024x724.jpg 1024w, https:\/\/cpsanjorge.educacion.navarra.es\/web\/wp-content\/uploads\/2023\/02\/pared-contenedores-300x212.jpg 300w, https:\/\/cpsanjorge.educacion.navarra.es\/web\/wp-content\/uploads\/2023\/02\/pared-contenedores-768x543.jpg 768w, https:\/\/cpsanjorge.educacion.navarra.es\/web\/wp-content\/uploads\/2023\/02\/pared-contenedores-1536x1086.jpg 1536w, https:\/\/cpsanjorge.educacion.navarra.es\/web\/wp-content\/uploads\/2023\/02\/pared-contenedores-2048x1448.jpg 2048w\" sizes=\"(max-width: 640px) 100vw, 640px\" \/><figcaption id=\"caption-attachment-3164\" class=\"wp-caption-text\">Disponer de material abundante y perfectamente ordenado lo vuelve accesible. Las alfombras individuales acogen la colecci\u00f3n de objetos que el alumnado emplear\u00e1, individualmente y en silencio, con total libertad.<\/figcaption><\/figure>\n<p style=\"text-align: justify;\">La actividad desarrollada pone en marcha procesos intelectuales\u00a0 de una enorme potencia que no terminan con la sesi\u00f3n propiamente dicha de juego heur\u00edstico, sino que contin\u00faan en el aula ordinaria mediante el di\u00e1logo mantenido con la maestra y que aportar\u00e1n enormes beneficios a todas las ni\u00f1as y los ni\u00f1os.\u00a0<\/p>\n<p style=\"text-align: justify;\"><strong>El juego heur\u00edstico encuentra en la indagaci\u00f3n dial\u00f3gica, en la investigaci\u00f3n compartida, su desarrollo natural.\u00a0<\/strong><\/p>\n<p style=\"text-align: justify;\">\u00a0<\/p>\n","protected":false},"excerpt":{"rendered":"<p>El juego heur\u00edstico es una actividad plenamente consolidada en la etapa de Educaci\u00f3n Infantil de nuestro centro desde hace a\u00f1os. Concebido por la investigadora inglesa Elinor Goldschmied, el juego heur\u00edstico no es una receta, es un enfoque que propicia el\u00a0aprendizaje individual genuino en el que cada ni\u00f1o, cada ni\u00f1a hace sus propios descubrimientos. Cada sesi\u00f3n &hellip; <\/p>\n<p class=\"link-more\"><a href=\"https:\/\/cpsanjorge.educacion.navarra.es\/web\/el-juego-heuristico\/\" class=\"more-link\">Continuar leyendo<span class=\"screen-reader-text\"> \u00abEl Juego Heur\u00edstico\u00bb<\/span><\/a><\/p>\n","protected":false},"author":1,"featured_media":0,"parent":0,"menu_order":0,"comment_status":"closed","ping_status":"closed","template":"","meta":[],"_links":{"self":[{"href":"https:\/\/cpsanjorge.educacion.navarra.es\/web\/wp-json\/wp\/v2\/pages\/3162"}],"collection":[{"href":"https:\/\/cpsanjorge.educacion.navarra.es\/web\/wp-json\/wp\/v2\/pages"}],"about":[{"href":"https:\/\/cpsanjorge.educacion.navarra.es\/web\/wp-json\/wp\/v2\/types\/page"}],"author":[{"embeddable":true,"href":"https:\/\/cpsanjorge.educacion.navarra.es\/web\/wp-json\/wp\/v2\/users\/1"}],"replies":[{"embeddable":true,"href":"https:\/\/cpsanjorge.educacion.navarra.es\/web\/wp-json\/wp\/v2\/comments?post=3162"}],"version-history":[{"count":8,"href":"https:\/\/cpsanjorge.educacion.navarra.es\/web\/wp-json\/wp\/v2\/pages\/3162\/revisions"}],"predecessor-version":[{"id":3176,"href":"https:\/\/cpsanjorge.educacion.navarra.es\/web\/wp-json\/wp\/v2\/pages\/3162\/revisions\/3176"}],"wp:attachment":[{"href":"https:\/\/cpsanjorge.educacion.navarra.es\/web\/wp-json\/wp\/v2\/media?parent=3162"}],"curies":[{"name":"wp","href":"https:\/\/api.w.org\/{rel}","templated":true}]}}