{"id":3060,"date":"2023-02-08T21:37:22","date_gmt":"2023-02-08T20:37:22","guid":{"rendered":"https:\/\/cpsanjorge.educacion.navarra.es\/web\/?page_id=3060"},"modified":"2023-02-12T20:02:59","modified_gmt":"2023-02-12T19:02:59","slug":"solidaridad","status":"publish","type":"page","link":"https:\/\/cpsanjorge.educacion.navarra.es\/web\/solidaridad\/","title":{"rendered":"Solidaridad"},"content":{"rendered":"\n<p style=\"text-align: justify;\"><span style=\"font-weight: 400;\">Lograr el pleno \u00e9xito educativo requiere del compromiso y la solidaridad de todos los agentes educativos, dentro y fuera de nuestras aulas.\u00a0 Por esta raz\u00f3n, necesitamos a todas las personas, a todas las asociaciones, los colectivos, las instancias gubernamentales&#8230; Con su colaboraci\u00f3n, el aprendizaje se extiende a todos los lugares y nadie queda excluido.\u00a0<\/span><\/p>\n<p style=\"text-align: justify;\"><span style=\"font-weight: 400;\">El buen aprendizaje precede al desarrollo, no sabe de fronteras y combate el miedo y la ignorancia con colaboraci\u00f3n y tes\u00f3n. P<\/span><span style=\"font-weight: 400;\">ara superar el absentismo, el abandono escolar y la exclusi\u00f3n social es necesario contar con el mayor n\u00famero posible de personas. Cuando toda la comunidad est\u00e1 involucrada solidariamente en un mismo proyecto resulta mucho m\u00e1s f\u00e1cil transformar las dificultades en posibilidades, mejorando as\u00ed las situaciones culturales y sociales de todas las personas.<\/span><\/p>\n<p><img loading=\"lazy\" class=\"aligncenter size-large wp-image-3113\" src=\"https:\/\/cpsanjorge.educacion.navarra.es\/web\/wp-content\/uploads\/2023\/02\/cadeneta-1024x768.jpg\" alt=\"\" width=\"640\" height=\"480\" srcset=\"https:\/\/cpsanjorge.educacion.navarra.es\/web\/wp-content\/uploads\/2023\/02\/cadeneta-1024x768.jpg 1024w, https:\/\/cpsanjorge.educacion.navarra.es\/web\/wp-content\/uploads\/2023\/02\/cadeneta-300x225.jpg 300w, https:\/\/cpsanjorge.educacion.navarra.es\/web\/wp-content\/uploads\/2023\/02\/cadeneta-768x576.jpg 768w, https:\/\/cpsanjorge.educacion.navarra.es\/web\/wp-content\/uploads\/2023\/02\/cadeneta.jpg 1500w\" sizes=\"(max-width: 640px) 100vw, 640px\" \/><\/p>\n<p style=\"text-align: justify;\"><span style=\"text-decoration: underline;\"><span style=\"font-weight: 400;\">El principio de la solidaridad y la convivencia<\/span><\/span><span style=\"font-weight: 400;\">. Ayudar a las dem\u00e1s personas es tambi\u00e9n ayudarse a s\u00ed mismo desafiando las falsas fortalezas que tenemos y haciendo visibles a quienes solo pueden vivir una vida m\u00e1s plena en el seno de una comunidad que acoja mejor, que sea m\u00e1s humilde y que asuma que quienes necesitan m\u00e1s ayuda tambi\u00e9n ense\u00f1an muchas cosas.<\/span><\/p>\n","protected":false},"excerpt":{"rendered":"<p>Lograr el pleno \u00e9xito educativo requiere del compromiso y la solidaridad de todos los agentes educativos, dentro y fuera de nuestras aulas.\u00a0 Por esta raz\u00f3n, necesitamos a todas las personas, a todas las asociaciones, los colectivos, las instancias gubernamentales&#8230; Con su colaboraci\u00f3n, el aprendizaje se extiende a todos los lugares y nadie queda excluido.\u00a0 El &hellip; <\/p>\n<p class=\"link-more\"><a href=\"https:\/\/cpsanjorge.educacion.navarra.es\/web\/solidaridad\/\" class=\"more-link\">Continuar leyendo<span class=\"screen-reader-text\"> \u00abSolidaridad\u00bb<\/span><\/a><\/p>\n","protected":false},"author":1,"featured_media":0,"parent":0,"menu_order":0,"comment_status":"closed","ping_status":"closed","template":"","meta":[],"_links":{"self":[{"href":"https:\/\/cpsanjorge.educacion.navarra.es\/web\/wp-json\/wp\/v2\/pages\/3060"}],"collection":[{"href":"https:\/\/cpsanjorge.educacion.navarra.es\/web\/wp-json\/wp\/v2\/pages"}],"about":[{"href":"https:\/\/cpsanjorge.educacion.navarra.es\/web\/wp-json\/wp\/v2\/types\/page"}],"author":[{"embeddable":true,"href":"https:\/\/cpsanjorge.educacion.navarra.es\/web\/wp-json\/wp\/v2\/users\/1"}],"replies":[{"embeddable":true,"href":"https:\/\/cpsanjorge.educacion.navarra.es\/web\/wp-json\/wp\/v2\/comments?post=3060"}],"version-history":[{"count":4,"href":"https:\/\/cpsanjorge.educacion.navarra.es\/web\/wp-json\/wp\/v2\/pages\/3060\/revisions"}],"predecessor-version":[{"id":3114,"href":"https:\/\/cpsanjorge.educacion.navarra.es\/web\/wp-json\/wp\/v2\/pages\/3060\/revisions\/3114"}],"wp:attachment":[{"href":"https:\/\/cpsanjorge.educacion.navarra.es\/web\/wp-json\/wp\/v2\/media?parent=3060"}],"curies":[{"name":"wp","href":"https:\/\/api.w.org\/{rel}","templated":true}]}}