{"id":3056,"date":"2023-02-08T21:36:40","date_gmt":"2023-02-08T20:36:40","guid":{"rendered":"https:\/\/cpsanjorge.educacion.navarra.es\/web\/?page_id=3056"},"modified":"2023-02-12T19:39:48","modified_gmt":"2023-02-12T18:39:48","slug":"dimension-instrumental","status":"publish","type":"page","link":"https:\/\/cpsanjorge.educacion.navarra.es\/web\/dimension-instrumental\/","title":{"rendered":"Dimensi\u00f3n instrumental"},"content":{"rendered":"\n<p style=\"text-align: justify;\"><span style=\"font-weight: 400;\">Los ni\u00f1os y las ni\u00f1as tienen derecho a aprender lo m\u00e1ximo y a ponerlo de manifiesto, no importa qu\u00e9 tipo de prueba o examen se les<\/span> <span style=\"font-weight: 400;\">solicite que realicen. Para cumplir este objetivo universal\u00a0 rechazamos toda forma de segregaci\u00f3n o exclusi\u00f3n educativa. Como apunta la comunidad cient\u00edfica internacional, el rendimiento acad\u00e9mico insatisfactorio responde m\u00e1s a las bajas expectativas y prejuicios mantenidos injustamente a lo largo del tiempo que a la capacidad real de aprendizaje del alumnado. <\/span><span style=\"font-weight: 400;\">El principio de la\u00a0 dimensi\u00f3n instrumental se refiere al aprendizaje de aquellos instrumentos fundamentales, como el di\u00e1logo y la reflexi\u00f3n, y al desarrollo de las siete competencias clave que capacitan a las personas para tomar parte activa en la sociedad actual.<\/span><\/p>\n<p><img loading=\"lazy\" class=\"aligncenter size-large wp-image-3099\" src=\"https:\/\/cpsanjorge.educacion.navarra.es\/web\/wp-content\/uploads\/2023\/02\/grupo-interactivo-ppio-1024x768.jpg\" alt=\"\" width=\"640\" height=\"480\" srcset=\"https:\/\/cpsanjorge.educacion.navarra.es\/web\/wp-content\/uploads\/2023\/02\/grupo-interactivo-ppio-1024x768.jpg 1024w, https:\/\/cpsanjorge.educacion.navarra.es\/web\/wp-content\/uploads\/2023\/02\/grupo-interactivo-ppio-300x225.jpg 300w, https:\/\/cpsanjorge.educacion.navarra.es\/web\/wp-content\/uploads\/2023\/02\/grupo-interactivo-ppio-768x576.jpg 768w, https:\/\/cpsanjorge.educacion.navarra.es\/web\/wp-content\/uploads\/2023\/02\/grupo-interactivo-ppio.jpg 1500w\" sizes=\"(max-width: 640px) 100vw, 640px\" \/><\/p>\n<p style=\"text-align: justify;\"><span style=\"font-weight: 400;\"><span style=\"text-decoration: underline;\">El principio de la dimensi\u00f3n instrumental y la convivencia<\/span>.<\/span><span style=\"font-weight: 400;\"> Convivir exige llevar a cabo multitud de aprendizajes, muchos de ellos observando a otras personas, a las que imitamos. Todo esto nos capacita para resolver conflictos cada d\u00eda m\u00e1s complejos y mejorar la convivencia.<\/span><\/p>\n","protected":false},"excerpt":{"rendered":"<p>Los ni\u00f1os y las ni\u00f1as tienen derecho a aprender lo m\u00e1ximo y a ponerlo de manifiesto, no importa qu\u00e9 tipo de prueba o examen se les solicite que realicen. Para cumplir este objetivo universal\u00a0 rechazamos toda forma de segregaci\u00f3n o exclusi\u00f3n educativa. Como apunta la comunidad cient\u00edfica internacional, el rendimiento acad\u00e9mico insatisfactorio responde m\u00e1s a &hellip; <\/p>\n<p class=\"link-more\"><a href=\"https:\/\/cpsanjorge.educacion.navarra.es\/web\/dimension-instrumental\/\" class=\"more-link\">Continuar leyendo<span class=\"screen-reader-text\"> \u00abDimensi\u00f3n instrumental\u00bb<\/span><\/a><\/p>\n","protected":false},"author":1,"featured_media":0,"parent":0,"menu_order":0,"comment_status":"closed","ping_status":"closed","template":"","meta":[],"_links":{"self":[{"href":"https:\/\/cpsanjorge.educacion.navarra.es\/web\/wp-json\/wp\/v2\/pages\/3056"}],"collection":[{"href":"https:\/\/cpsanjorge.educacion.navarra.es\/web\/wp-json\/wp\/v2\/pages"}],"about":[{"href":"https:\/\/cpsanjorge.educacion.navarra.es\/web\/wp-json\/wp\/v2\/types\/page"}],"author":[{"embeddable":true,"href":"https:\/\/cpsanjorge.educacion.navarra.es\/web\/wp-json\/wp\/v2\/users\/1"}],"replies":[{"embeddable":true,"href":"https:\/\/cpsanjorge.educacion.navarra.es\/web\/wp-json\/wp\/v2\/comments?post=3056"}],"version-history":[{"count":4,"href":"https:\/\/cpsanjorge.educacion.navarra.es\/web\/wp-json\/wp\/v2\/pages\/3056\/revisions"}],"predecessor-version":[{"id":3100,"href":"https:\/\/cpsanjorge.educacion.navarra.es\/web\/wp-json\/wp\/v2\/pages\/3056\/revisions\/3100"}],"wp:attachment":[{"href":"https:\/\/cpsanjorge.educacion.navarra.es\/web\/wp-json\/wp\/v2\/media?parent=3056"}],"curies":[{"name":"wp","href":"https:\/\/api.w.org\/{rel}","templated":true}]}}