{"id":3054,"date":"2023-02-08T21:36:13","date_gmt":"2023-02-08T20:36:13","guid":{"rendered":"https:\/\/cpsanjorge.educacion.navarra.es\/web\/?page_id=3054"},"modified":"2023-02-12T20:11:20","modified_gmt":"2023-02-12T19:11:20","slug":"dialogo-igualitario","status":"publish","type":"page","link":"https:\/\/cpsanjorge.educacion.navarra.es\/web\/dialogo-igualitario\/","title":{"rendered":"Di\u00e1logo igualitario"},"content":{"rendered":"\n<p style=\"text-align: justify;\"><span style=\"font-weight: 400;\">Dialogar es conversar con las dem\u00e1s personas sin imponer la propia opini\u00f3n, bas\u00e1ndonos en posiciones de poder o adoptando estrategias para llevar a la otra persona a nuestro terreno. Constituye una apuesta firme por hacer que prime la fuerza de los argumentos sin importar la posici\u00f3n jer\u00e1rquica de quien est\u00e1 hablando. Para que el di\u00e1logo sea igualitario, todas las personas debemos tener la misma oportunidad de hablar y de ser escuchadas.\u00a0<\/span><\/p>\n<p style=\"text-align: justify;\"><span style=\"font-weight: 400;\">En ocasiones, no se logra el consenso entre posturas y opiniones diferentes. Sin embargo, un proceso dial\u00f3gico sincero y respetuoso siempre conduce a una mayor comprensi\u00f3n de los problemas y situaciones m\u00e1s dif\u00edciles, y de los argumentos esgrimidos por otras personas, aunque no se compartan. La oportunidad de escuchar atentamente a las dem\u00e1s personas es la raz\u00f3n por la cual todo di\u00e1logo ha de ser siempre bienvenido.<\/span><\/p>\n<p><img loading=\"lazy\" class=\"aligncenter size-large wp-image-3115\" src=\"https:\/\/cpsanjorge.educacion.navarra.es\/web\/wp-content\/uploads\/2023\/02\/Grupos-en-sexto-768x1024.jpg\" alt=\"\" width=\"640\" height=\"853\" srcset=\"https:\/\/cpsanjorge.educacion.navarra.es\/web\/wp-content\/uploads\/2023\/02\/Grupos-en-sexto-768x1024.jpg 768w, https:\/\/cpsanjorge.educacion.navarra.es\/web\/wp-content\/uploads\/2023\/02\/Grupos-en-sexto-225x300.jpg 225w, https:\/\/cpsanjorge.educacion.navarra.es\/web\/wp-content\/uploads\/2023\/02\/Grupos-en-sexto-1152x1536.jpg 1152w, https:\/\/cpsanjorge.educacion.navarra.es\/web\/wp-content\/uploads\/2023\/02\/Grupos-en-sexto.jpg 1500w\" sizes=\"(max-width: 640px) 100vw, 640px\" \/><\/p>\n<p style=\"text-align: justify;\"><span style=\"text-decoration: underline;\"><span style=\"font-weight: 400;\">El principio del di\u00e1logo igualitario y la convivencia<\/span><\/span><span style=\"font-weight: 400;\">. Convivir constituye una oportunidad para aprender de todas las personas ya que empleamos palabras y realizamos acciones \u00fanicas que nos definen y cuya utilidad no depende de qui\u00e9nes seamos sino de la validez de nuestras razones y argumentos.<\/span><\/p>\n","protected":false},"excerpt":{"rendered":"<p>Dialogar es conversar con las dem\u00e1s personas sin imponer la propia opini\u00f3n, bas\u00e1ndonos en posiciones de poder o adoptando estrategias para llevar a la otra persona a nuestro terreno. Constituye una apuesta firme por hacer que prime la fuerza de los argumentos sin importar la posici\u00f3n jer\u00e1rquica de quien est\u00e1 hablando. Para que el di\u00e1logo &hellip; <\/p>\n<p class=\"link-more\"><a href=\"https:\/\/cpsanjorge.educacion.navarra.es\/web\/dialogo-igualitario\/\" class=\"more-link\">Continuar leyendo<span class=\"screen-reader-text\"> \u00abDi\u00e1logo igualitario\u00bb<\/span><\/a><\/p>\n","protected":false},"author":1,"featured_media":0,"parent":0,"menu_order":0,"comment_status":"closed","ping_status":"closed","template":"","meta":[],"_links":{"self":[{"href":"https:\/\/cpsanjorge.educacion.navarra.es\/web\/wp-json\/wp\/v2\/pages\/3054"}],"collection":[{"href":"https:\/\/cpsanjorge.educacion.navarra.es\/web\/wp-json\/wp\/v2\/pages"}],"about":[{"href":"https:\/\/cpsanjorge.educacion.navarra.es\/web\/wp-json\/wp\/v2\/types\/page"}],"author":[{"embeddable":true,"href":"https:\/\/cpsanjorge.educacion.navarra.es\/web\/wp-json\/wp\/v2\/users\/1"}],"replies":[{"embeddable":true,"href":"https:\/\/cpsanjorge.educacion.navarra.es\/web\/wp-json\/wp\/v2\/comments?post=3054"}],"version-history":[{"count":5,"href":"https:\/\/cpsanjorge.educacion.navarra.es\/web\/wp-json\/wp\/v2\/pages\/3054\/revisions"}],"predecessor-version":[{"id":3116,"href":"https:\/\/cpsanjorge.educacion.navarra.es\/web\/wp-json\/wp\/v2\/pages\/3054\/revisions\/3116"}],"wp:attachment":[{"href":"https:\/\/cpsanjorge.educacion.navarra.es\/web\/wp-json\/wp\/v2\/media?parent=3054"}],"curies":[{"name":"wp","href":"https:\/\/api.w.org\/{rel}","templated":true}]}}