{"id":3052,"date":"2023-02-08T21:35:33","date_gmt":"2023-02-08T20:35:33","guid":{"rendered":"https:\/\/cpsanjorge.educacion.navarra.es\/web\/?page_id=3052"},"modified":"2023-02-12T19:43:38","modified_gmt":"2023-02-12T18:43:38","slug":"creacion-de-sentido","status":"publish","type":"page","link":"https:\/\/cpsanjorge.educacion.navarra.es\/web\/creacion-de-sentido\/","title":{"rendered":"Creaci\u00f3n de sentido"},"content":{"rendered":"\n<p style=\"text-align: justify;\"><span style=\"font-weight: 400;\">El antiguo modelo autoritario ya no tiene cabida en la actual Era de la Informaci\u00f3n y del Conocimiento. Las personas podemos tomar decisiones concienzuda y reflexivamente, sin plegarnos al yugo de las tradiciones o, \u00fanicamente, obedeciendo los dictados de las personas expertas, que ya no tienen el monopolio del saber. El conocimiento se encuentra distribuido entre las personas y debe ser compartido dial\u00f3gicamente y en igualdad de condiciones. Convocando la libertad y ejerci\u00e9ndola desde el di\u00e1logo igualitario es como construimos el sentido, entre todos y todas.\u00a0<\/span><\/p>\n<p style=\"text-align: justify;\"><span style=\"font-weight: 400;\">El significado es construido cuando las contribuciones y diferencias culturales son tratadas de manera igualitaria y el alumno siente que la escuela valora su propia identidad, la de su familia y su cultura. Cuando la escuela respeta a sus alumnos y alumnas, como personas concretas, y garantiza<\/span> <span style=\"font-weight: 400;\">su \u00e9xito en el aprendizaje, es cuando estas encuentran sentido en aquello que est\u00e1n aprendiendo.\u00a0<\/span><\/p>\n<p><img loading=\"lazy\" class=\"aligncenter size-large wp-image-3101\" src=\"https:\/\/cpsanjorge.educacion.navarra.es\/web\/wp-content\/uploads\/2023\/02\/Dana-y-las-pastas-768x1024.jpg\" alt=\"\" width=\"640\" height=\"853\" srcset=\"https:\/\/cpsanjorge.educacion.navarra.es\/web\/wp-content\/uploads\/2023\/02\/Dana-y-las-pastas-768x1024.jpg 768w, https:\/\/cpsanjorge.educacion.navarra.es\/web\/wp-content\/uploads\/2023\/02\/Dana-y-las-pastas-225x300.jpg 225w, https:\/\/cpsanjorge.educacion.navarra.es\/web\/wp-content\/uploads\/2023\/02\/Dana-y-las-pastas-1152x1536.jpg 1152w, https:\/\/cpsanjorge.educacion.navarra.es\/web\/wp-content\/uploads\/2023\/02\/Dana-y-las-pastas.jpg 1500w\" sizes=\"(max-width: 640px) 100vw, 640px\" \/><\/p>\n<p style=\"text-align: justify;\"><span style=\"text-decoration: underline;\"><span style=\"font-weight: 400;\">El principio de la creaci\u00f3n de sentido y la convivencia<\/span><\/span><span style=\"font-weight: 400;\">. Todas las personas escogemos caminos diferentes para alcanzar una mayor y m\u00e1s profunda comprensi\u00f3n de los problemas, huyendo de soluciones te\u00f3ricas y descontextualizadas y proponiendo\u00a0 visiones nuevas de la <strong>realidad que integren la verdad, la bondad y la belleza<\/strong> para mejorar la vida comunitaria.<\/span><\/p>\n","protected":false},"excerpt":{"rendered":"<p>El antiguo modelo autoritario ya no tiene cabida en la actual Era de la Informaci\u00f3n y del Conocimiento. Las personas podemos tomar decisiones concienzuda y reflexivamente, sin plegarnos al yugo de las tradiciones o, \u00fanicamente, obedeciendo los dictados de las personas expertas, que ya no tienen el monopolio del saber. El conocimiento se encuentra distribuido &hellip; <\/p>\n<p class=\"link-more\"><a href=\"https:\/\/cpsanjorge.educacion.navarra.es\/web\/creacion-de-sentido\/\" class=\"more-link\">Continuar leyendo<span class=\"screen-reader-text\"> \u00abCreaci\u00f3n de sentido\u00bb<\/span><\/a><\/p>\n","protected":false},"author":1,"featured_media":0,"parent":0,"menu_order":0,"comment_status":"closed","ping_status":"closed","template":"","meta":[],"_links":{"self":[{"href":"https:\/\/cpsanjorge.educacion.navarra.es\/web\/wp-json\/wp\/v2\/pages\/3052"}],"collection":[{"href":"https:\/\/cpsanjorge.educacion.navarra.es\/web\/wp-json\/wp\/v2\/pages"}],"about":[{"href":"https:\/\/cpsanjorge.educacion.navarra.es\/web\/wp-json\/wp\/v2\/types\/page"}],"author":[{"embeddable":true,"href":"https:\/\/cpsanjorge.educacion.navarra.es\/web\/wp-json\/wp\/v2\/users\/1"}],"replies":[{"embeddable":true,"href":"https:\/\/cpsanjorge.educacion.navarra.es\/web\/wp-json\/wp\/v2\/comments?post=3052"}],"version-history":[{"count":4,"href":"https:\/\/cpsanjorge.educacion.navarra.es\/web\/wp-json\/wp\/v2\/pages\/3052\/revisions"}],"predecessor-version":[{"id":3104,"href":"https:\/\/cpsanjorge.educacion.navarra.es\/web\/wp-json\/wp\/v2\/pages\/3052\/revisions\/3104"}],"wp:attachment":[{"href":"https:\/\/cpsanjorge.educacion.navarra.es\/web\/wp-json\/wp\/v2\/media?parent=3052"}],"curies":[{"name":"wp","href":"https:\/\/api.w.org\/{rel}","templated":true}]}}