{"id":288,"date":"2016-04-07T08:59:50","date_gmt":"2016-04-07T06:59:50","guid":{"rendered":"http:\/\/cpsanjorge.educacion.navarra.es\/web\/?page_id=288"},"modified":"2023-11-22T19:37:13","modified_gmt":"2023-11-22T18:37:13","slug":"videos","status":"publish","type":"page","link":"https:\/\/cpsanjorge.educacion.navarra.es\/web\/videos\/","title":{"rendered":"V\u00eddeos-Montajes"},"content":{"rendered":"\n<h2><\/h2>\n\n\n\n\n\n\n\n\n\n\n\n\n\n\n\n<h2>\u00a0<\/h2>\n\n\n\n\n\n\n\n\n\n\n\n<h2>Curso 2018\/2019<\/h2>\n\n\n\n<figure class=\"wp-block-table is-style-stripes\"><table class=\"has-fixed-layout\"><tbody><tr><td> <a rel=\"noreferrer noopener\" href=\"https:\/\/drive.google.com\/open?id=14vVWWYN24xuiStUsFKjqN3mx5DwrqU_e\" target=\"_blank\"><strong>Felicitaci\u00f3n de Navidad<\/strong><\/a> <\/td><td> <em><strong><a href=\"https:\/\/drive.google.com\/open?id=1Z5_y3do2ijHQRlujLKS2eTBBuqcTbAir\" target=\"_blank\" rel=\"noreferrer noopener\" aria-label=\" (abre en una nueva pesta\u00f1a)\">D\u00eda de la Paz y la no violencia<\/a><\/strong><\/em> <\/td><\/tr><tr><td><strong><a rel=\"noreferrer noopener\" aria-label=\"Tansformaci\u00f3n CPEIP San Jorge (abre en una nueva pesta\u00f1a)\" href=\"https:\/\/drive.google.com\/open?id=14UbY9DZ08Qx5tipDTt4JtwePV9PnDuoi\" target=\"_blank\">Tansformamos el colegio<\/a><\/strong><\/td><td><\/td><\/tr><\/tbody><\/table><\/figure>\n\n\n\n<p><\/p>\n\n\n\n<p><\/p>\n\n\n\n<h2>Curso 2017\/18<\/h2>\n\n\n\n<figure class=\"wp-block-table is-style-stripes\"><table class=\"has-fixed-layout\"><tbody><tr><td> <strong><a href=\"https:\/\/drive.google.com\/file\/d\/1RnyDVSkSqzC9EcqY8ZkH1AVVWUOiESmO\/view?usp=sharing\" target=\"_blank\" rel=\"noreferrer noopener\" aria-label=\" (abre en una nueva pesta\u00f1a)\">Felicitaci\u00f3n de Navidad 2017.<\/a><\/strong> <\/td><td> <a rel=\"noreferrer noopener\" href=\"https:\/\/drive.google.com\/file\/d\/1bcqpfLGWXH59nZiHxbwZyQ9wPTsVQCry\/view?usp=sharing\" target=\"_blank\"><strong>D\u00eda de la Paz y la no Violencia<\/strong><\/a> <\/td><\/tr><tr><td> <a rel=\"noreferrer noopener\" href=\"https:\/\/drive.google.com\/file\/d\/1Z3r8fq_chuErsAu9VvpSdBtg9NkVy4vw\/view?usp=sharing\" target=\"_blank\"><strong>Carnaval<\/strong><\/a> <\/td><td><\/td><\/tr><tr><td> <a rel=\"noreferrer noopener\" href=\"https:\/\/drive.google.com\/file\/d\/1PDbhGXG8QgKk1iMbdz-eOKiprPYm7Ay5\/view?usp=sharing\" target=\"_blank\"><strong>Graduaci\u00f3n &#8211; 3\u00ba E.I.<\/strong><\/a> <\/td><td> <a rel=\"noreferrer noopener\" href=\"https:\/\/drive.google.com\/file\/d\/1cnq9JNXjs-mecPvf0-fIiTS1LomdNFyw\/view?usp=sharing\" target=\"_blank\"><strong>Graduaci\u00f3n &#8211; 6\u00ba E.P.<\/strong><\/a> <\/td><\/tr><\/tbody><\/table><\/figure>\n\n\n\n<p><\/p>\n\n\n\n<p><\/p>\n\n\n\n<h2>Curso 2016\/17<\/h2>\n\n\n\n<figure class=\"wp-block-table is-style-stripes\"><table class=\"has-fixed-layout\"><tbody><tr><td> <a rel=\"noreferrer noopener\" href=\"https:\/\/drive.google.com\/file\/d\/0Bw7-u7EsWpVQbko3V3NsWWpFUjg\/view?usp=sharing\" target=\"_blank\"><strong>Felicitaci\u00f3n de Navidad<\/strong><\/a> <\/td><td> <a rel=\"noreferrer noopener\" href=\"https:\/\/drive.google.com\/file\/d\/0Bw7-u7EsWpVQWkx5VjdWa0xSQXM\/view?usp=sharing\" target=\"_blank\"><strong>San Sebasti\u00e1n &#8211; 3\u00ba E.I. (<\/strong><\/a><a rel=\"noreferrer noopener\" href=\"https:\/\/drive.google.com\/file\/d\/0Bw7-u7EsWpVQWkx5VjdWa0xSQXM\/view?usp=sharing\" target=\"_blank\"><strong>Junio)<\/strong><\/a><\/td><\/tr><\/tbody><\/table><\/figure>\n\n\n\n<p><\/p>\n\n\n\n<h2>Curso 2015\/16<\/h2>\n\n\n\n<figure class=\"wp-block-table is-style-stripes\"><table class=\"has-fixed-layout\"><tbody><tr><td><em><strong> <a href=\"https:\/\/drive.google.com\/file\/d\/0Bw7-u7EsWpVQYTNfZ3hId0d4OEk\/view?usp=sharing\" target=\"_blank\" rel=\"noreferrer noopener\" aria-label=\" (abre en una nueva pesta\u00f1a)\">Felicitaci\u00f3n Navidad<\/a><\/strong><\/em><\/td><td><\/td><\/tr><tr><td> <a rel=\"noreferrer noopener\" href=\"https:\/\/drive.google.com\/file\/d\/0Bw7-u7EsWpVQNUtkLVpHeWxLRmc\/view?usp=sharing\" target=\"_blank\"><strong>Festival de Navidad: 4\u00ba, 5\u00ba y 6\u00ba EP<\/strong><\/a> <\/td><td> <strong><a href=\"https:\/\/drive.google.com\/file\/d\/0Bw7-u7EsWpVQRlhYUUY1ZnRydnc\/view?usp=sharing\" target=\"_blank\" rel=\"noreferrer noopener\" aria-label=\" (abre en una nueva pesta\u00f1a)\">Festival de Navidad: <\/a><\/strong><br><strong><a rel=\"noreferrer noopener\" href=\"https:\/\/drive.google.com\/file\/d\/0Bw7-u7EsWpVQRlhYUUY1ZnRydnc\/view?usp=sharing\" target=\"_blank\">EI, 1\u00ba, 2\u00ba y 3\u00ba de E.P.<\/a><\/strong> <\/td><\/tr><\/tbody><\/table><\/figure>\n\n\n","protected":false},"excerpt":{"rendered":"<p>\u00a0 Curso 2018\/2019 Felicitaci\u00f3n de Navidad D\u00eda de la Paz y la no violencia Tansformamos el colegio Curso 2017\/18 Felicitaci\u00f3n de Navidad 2017. D\u00eda de la Paz y la no Violencia Carnaval Graduaci\u00f3n &#8211; 3\u00ba E.I. Graduaci\u00f3n &#8211; 6\u00ba E.P. Curso 2016\/17 Felicitaci\u00f3n de Navidad San Sebasti\u00e1n &#8211; 3\u00ba E.I. (Junio) Curso 2015\/16 Felicitaci\u00f3n Navidad &hellip; <\/p>\n<p class=\"link-more\"><a href=\"https:\/\/cpsanjorge.educacion.navarra.es\/web\/videos\/\" class=\"more-link\">Continuar leyendo<span class=\"screen-reader-text\"> \u00abV\u00eddeos-Montajes\u00bb<\/span><\/a><\/p>\n","protected":false},"author":1,"featured_media":0,"parent":0,"menu_order":0,"comment_status":"closed","ping_status":"closed","template":"","meta":[],"_links":{"self":[{"href":"https:\/\/cpsanjorge.educacion.navarra.es\/web\/wp-json\/wp\/v2\/pages\/288"}],"collection":[{"href":"https:\/\/cpsanjorge.educacion.navarra.es\/web\/wp-json\/wp\/v2\/pages"}],"about":[{"href":"https:\/\/cpsanjorge.educacion.navarra.es\/web\/wp-json\/wp\/v2\/types\/page"}],"author":[{"embeddable":true,"href":"https:\/\/cpsanjorge.educacion.navarra.es\/web\/wp-json\/wp\/v2\/users\/1"}],"replies":[{"embeddable":true,"href":"https:\/\/cpsanjorge.educacion.navarra.es\/web\/wp-json\/wp\/v2\/comments?post=288"}],"version-history":[{"count":21,"href":"https:\/\/cpsanjorge.educacion.navarra.es\/web\/wp-json\/wp\/v2\/pages\/288\/revisions"}],"predecessor-version":[{"id":3642,"href":"https:\/\/cpsanjorge.educacion.navarra.es\/web\/wp-json\/wp\/v2\/pages\/288\/revisions\/3642"}],"wp:attachment":[{"href":"https:\/\/cpsanjorge.educacion.navarra.es\/web\/wp-json\/wp\/v2\/media?parent=288"}],"curies":[{"name":"wp","href":"https:\/\/api.w.org\/{rel}","templated":true}]}}