{"id":286,"date":"2016-04-07T08:59:38","date_gmt":"2016-04-07T06:59:38","guid":{"rendered":"http:\/\/cpsanjorge.educacion.navarra.es\/web\/?page_id=286"},"modified":"2020-09-28T20:57:55","modified_gmt":"2020-09-28T18:57:55","slug":"galeria-imagenes","status":"publish","type":"page","link":"https:\/\/cpsanjorge.educacion.navarra.es\/web\/galeria-imagenes\/","title":{"rendered":"Galer\u00eda Im\u00e1genes"},"content":{"rendered":"<p>Si pinchas en las subp\u00e1ginas de <strong>Galer\u00eda Im\u00e1genes<\/strong> encontrar\u00e1s:<\/p>\n<ul style=\"list-style-type: square;\">\n<li><strong>Im\u00e1genes:<\/strong> Fotos de diferentes actividades que realizamos a lo largo del curso.<\/li>\n<li><strong>V\u00eddeos:<\/strong> Montajes de fotos o v\u00eddeos de diferentes actividades que realizamos a lo largo del curso.<\/li>\n<\/ul>\n","protected":false},"excerpt":{"rendered":"<p>Si pinchas en las subp\u00e1ginas de Galer\u00eda Im\u00e1genes encontrar\u00e1s: Im\u00e1genes: Fotos de diferentes actividades que realizamos a lo largo del curso. V\u00eddeos: Montajes de fotos o v\u00eddeos de diferentes actividades que realizamos a lo largo del curso.<\/p>\n","protected":false},"author":1,"featured_media":0,"parent":0,"menu_order":0,"comment_status":"closed","ping_status":"closed","template":"","meta":[],"_links":{"self":[{"href":"https:\/\/cpsanjorge.educacion.navarra.es\/web\/wp-json\/wp\/v2\/pages\/286"}],"collection":[{"href":"https:\/\/cpsanjorge.educacion.navarra.es\/web\/wp-json\/wp\/v2\/pages"}],"about":[{"href":"https:\/\/cpsanjorge.educacion.navarra.es\/web\/wp-json\/wp\/v2\/types\/page"}],"author":[{"embeddable":true,"href":"https:\/\/cpsanjorge.educacion.navarra.es\/web\/wp-json\/wp\/v2\/users\/1"}],"replies":[{"embeddable":true,"href":"https:\/\/cpsanjorge.educacion.navarra.es\/web\/wp-json\/wp\/v2\/comments?post=286"}],"version-history":[{"count":5,"href":"https:\/\/cpsanjorge.educacion.navarra.es\/web\/wp-json\/wp\/v2\/pages\/286\/revisions"}],"predecessor-version":[{"id":1779,"href":"https:\/\/cpsanjorge.educacion.navarra.es\/web\/wp-json\/wp\/v2\/pages\/286\/revisions\/1779"}],"wp:attachment":[{"href":"https:\/\/cpsanjorge.educacion.navarra.es\/web\/wp-json\/wp\/v2\/media?parent=286"}],"curies":[{"name":"wp","href":"https:\/\/api.w.org\/{rel}","templated":true}]}}