{"id":284,"date":"2016-04-07T08:59:17","date_gmt":"2016-04-07T06:59:17","guid":{"rendered":"http:\/\/cpsanjorge.educacion.navarra.es\/web\/?page_id=284"},"modified":"2026-03-24T11:01:01","modified_gmt":"2026-03-24T10:01:01","slug":"imagenes","status":"publish","type":"page","link":"https:\/\/cpsanjorge.educacion.navarra.es\/web\/imagenes\/","title":{"rendered":"Im\u00e1genes"},"content":{"rendered":"\n<h2>\u00a0<\/h2>\n<h2>\u00a0<\/h2>\n<h2>Curso 2024\/25<\/h2>\n<p><a href=\"https:\/\/photos.app.goo.gl\/J5dE2t5G72mi9PKw7\">3\u00ba de Infantil: fiesta de graduaci\u00f3n<\/a><\/p>\n<p><a href=\"https:\/\/photos.app.goo.gl\/QyV9WvofTvMSfJND6\">6\u00ba de\u00a0 Primaria: fiesta de graduaci\u00f3n<\/a><\/p>\n<p>3\u00ba Infantil: <a href=\"https:\/\/photos.app.goo.gl\/2pDo13Xex5kbUxN97\">preparaci\u00f3n\u00a0\u00a0\u00a0<\/a> y\u00a0 \u00a0<a href=\"https:\/\/photos.app.goo.gl\/cEDCkiKS3gVJoDG67\">visita<\/a>\u00a0 de la ilustradora Concha Pasamar<\/p>\n<p><a href=\"https:\/\/photos.app.goo.gl\/fjQihdPFdojUB2nV7\">4\u00ba de primaria: Entrega del premio RECICL\u00d3N<\/a><\/p>\n<p><a href=\"https:\/\/photos.app.goo.gl\/YFrrERoJh6L7v1mF8\">2\u00ba A y B de Primaria_Salida al trenecito<\/a><\/p>\n<p><a href=\"https:\/\/photos.app.goo.gl\/vN8Hcc6e1mhk4dYy6\">2\u00ba de primaria: taller de insectos en la Universidad de Navarra<\/a><\/p>\n<p><a href=\"https:\/\/photos.app.goo.gl\/cBkZiCAeLUFcRjsi8\">2\u00ba de primaria: salida al bosque de B\u00e9rtiz<\/a><\/p>\n<p><a href=\"https:\/\/photos.app.goo.gl\/DvGynCi9izz8XPE48\">2\u00ba de primaria: la historia de nuestro barrio<\/a><\/p>\n<p><a href=\"https:\/\/photos.app.goo.gl\/geGXdXMAD52jsX9G7\">Profesorado: realizaci\u00f3n de maquetas sobre el patio<\/a><\/p>\n<p><a href=\"https:\/\/photos.app.goo.gl\/jWKDDJfXUu57urJ89\">5\u00ba de primaria: taller de t\u00edteres<\/a><\/p>\n<p><a href=\"https:\/\/photos.app.goo.gl\/iczbkQnj2Z7KUKqY9\">3\u00ba C: talleres<\/a><\/p>\n<p><a href=\"https:\/\/photos.app.goo.gl\/e4tb7Yoof2b69jhk8\">Fiesta de Carnaval<\/a><\/p>\n<p><a href=\"https:\/\/photos.app.goo.gl\/oHp9gurH91pD5ZJa6\">1\u00ba de primaria: elaboraci\u00f3n de trajes de Carnaval<\/a><\/p>\n<p><a href=\"https:\/\/photos.app.goo.gl\/UxRCEUU1e67H13R27\">D\u00eda de Santa \u00c1gueda<\/a><\/p>\n<p><a href=\"https:\/\/photos.app.goo.gl\/24RteQC2XG8LRgPt8\">D\u00eda de la Paz 2025<\/a><\/p>\n<p><a href=\"https:\/\/photos.app.goo.gl\/qQvvxM4v4bnuZSs49\">17 de enero: inauguraci\u00f3n del patio<\/a><\/p>\n<p><a href=\"https:\/\/photos.app.goo.gl\/CQQnm8mQBawUUzfE6\">Festival de Navidad 2024: V\u00cdDEOS<\/a>\u00a0<\/p>\n<p><a href=\"https:\/\/photos.app.goo.gl\/XmS2L1ahsaucJFwn9\">Festival de Navidad 2024: FOTOS<\/a><\/p>\n<h2>\u00a0<\/h2>\n<h2><strong>Curso 2023\/24<\/strong><\/h2>\n<p><a href=\"https:\/\/photos.app.goo.gl\/QKWWGUW9CkPQ49L9A\">Fiesta de fin de curso<\/a><\/p>\n<p><a href=\"https:\/\/photos.app.goo.gl\/HDEJvuVFXs6E1xHu8\">Graduaciones de Primaria<\/a><\/p>\n<p><a href=\"https:\/\/photos.app.goo.gl\/NiCKPmtiUfZNSonm6\">Graduaciones de Infantil<\/a>\u00a0<\/p>\n<p><a href=\"https:\/\/photos.app.goo.gl\/uKiEoYveDxgWfkNT8\">1\u00ba A y B de Primaria. Salida a Olite y su castillo.<\/a><\/p>\n<p><a href=\"https:\/\/photos.app.goo.gl\/rTnUSKNkECC5fAyY8\">Semana del libro<\/a>\u00a0<\/p>\n<p><a href=\"https:\/\/photos.app.goo.gl\/oDaSdnBD6ttS6kqx9\">5\u00ba Primaria. Salida del colectivo I\u00f1igo Arista.<\/a><\/p>\n<p><a href=\"https:\/\/photos.app.goo.gl\/zcqKPzHLmfR8P5pY7\">5\u00ba Primaria. Visita al Museo de Navarra: di\u00e1logos entre obras contempor\u00e1neas y piezas del pasado.<\/a><\/p>\n<p><a href=\"https:\/\/photos.app.goo.gl\/vNb3D2K7E1RCHNXR9\">Carnavales<\/a><\/p>\n<p><a href=\"https:\/\/photos.app.goo.gl\/Xe4RPdGk2HAm38KZA\">Santa \u00c1gueda<\/a><\/p>\n<p><a href=\"https:\/\/photos.app.goo.gl\/amgbmMwRH8xKBXTe8\">D\u00eda de la Paz 2024<\/a><\/p>\n<p><a href=\"https:\/\/photos.app.goo.gl\/waYQZcGrmrmCA15u8\">3\u00ba Primaria. Animaci\u00f3n a la lectura con Boniface Ofogo.<\/a><\/p>\n<p><a href=\"https:\/\/photos.app.goo.gl\/TJak2RPJR7tugwDT6\">Festival de Navidad 2023<\/a><\/p>\n<p><a href=\"https:\/\/photos.google.com\/album\/AF1QipNFSWJX-ZTBKpE09mmHPjUksT7nCU8sXLU2T2Cs\">3\u00ba Primaria. Paseo por San Jorge.<\/a><\/p>\n<p><a href=\"https:\/\/photos.google.com\/album\/AF1QipO8ik1OkBfdtgv-Bx0OdWQPvW6OOKzkPunXgZtS\">4\u00ba Primaria. Salida al manantial de Arteta. Mancomunidad Comarca de Pamplona.<\/a><\/p>\n<p><a href=\"https:\/\/photos.google.com\/album\/AF1QipMgbfvRajVVBlyItrvpsf8W3cLhghS8FJuYkr17\">3\u00ba y 4\u00ba Primaria. Salida al centro CONVIVE (San Jorge)<\/a><\/p>\n<p><a href=\"https:\/\/photos.google.com\/album\/AF1QipPB8FYYbhZHsF3niibIigZkvDiyxF67akWldDLo\">1\u00ba Primaria. Salida al parque fluvial (Villava).<\/a><\/p>\n<p><a href=\"https:\/\/photos.google.com\/album\/AF1QipOj33MXpLdT5I7QPHftibRoG1MFMFr_2SvpLlIY\">1\u00ba y 2\u00ba de Primaria. Salida por el barrio.<\/a><\/p>\n<p><a href=\"https:\/\/photos.google.com\/album\/AF1QipNktK1dZCt6dM3YIXmV2c7BCHm3hr6rsfVQBiEI\">1\u00ba Primaria. Teatro.<\/a><\/p>\n<p><a href=\"https:\/\/photos.google.com\/album\/AF1QipNoMEN-857MF-IDoYRm7Y2Gvv6HIgHSnYC5MY0n\">1\u00ba Primaria. Taller de cocina: brochetas<\/a><\/p>\n<p><a href=\"https:\/\/photos.google.com\/album\/AF1QipOYMWtZiRv5wU2XYYnm-T3v4VluGOIuCCIYoe6N\">Dinosaurios entre nosotros. Salida de 2\u00ba de Primaria.<\/a><\/p>\n<p><a href=\"https:\/\/photos.google.com\/album\/AF1QipPDnGeEST_B6t1s-65WxVm-_8izgjSD7XkP1zdl\">Educaci\u00f3n ambiental. Salida de 5\u00ba de Primaria.<\/a><\/p>\n<p><a href=\"https:\/\/photos.google.com\/album\/AF1QipOIouK19g5QeavGfP721eX3zNwhwWB837J0flpc\">Charla de la polic\u00eda municipal<\/a><\/p>\n<h2><strong><em>Curso 2022\/23<\/em><\/strong><\/h2>\n<p><a href=\"https:\/\/photos.app.goo.gl\/SV4a4qXCPYugNTsW7\"><span style=\"text-decoration: underline;\"><strong>Fiesta 50 Aniversario<\/strong><\/span><\/a><\/p>\n<p><a href=\"https:\/\/photos.app.goo.gl\/dNCpHE3nziSpJVNS6\"><span style=\"text-decoration: underline;\"><strong>Fiesta de fin de curso<\/strong><\/span><\/a><\/p>\n<p><a href=\"https:\/\/photos.app.goo.gl\/frw3xHjHYip8mKJi6\"><strong>Graduaciones de primaria<\/strong><\/a><\/p>\n<p><strong><a href=\"https:\/\/photos.app.goo.gl\/ZVpu6hmazavDrmFo9\">Graduaciones de infantil<\/a><\/strong><\/p>\n<p><a href=\"https:\/\/photos.app.goo.gl\/SYprgu7JWtf8tgnP6\"><span style=\"text-decoration: underline;\"><strong>Semana del libro\u00a0<\/strong><\/span><\/a><\/p>\n\n\n\n<div class=\"wp-container-2 wp-block-group\"><div class=\"wp-block-group__inner-container\">\n<p><a href=\"https:\/\/photos.app.goo.gl\/L5HapQGDEdCWrAcz8\"><span style=\"text-decoration: underline;\"><strong>Fiesta de Carnaval<\/strong><\/span><\/a><\/p>\n<p><a href=\"https:\/\/photos.google.com\/share\/AF1QipOmS_NhtNSVvV5WX_upA9VQihHDvFSGshToqyMdmHIgV71Xo6yjsSArA-zoMSiUyQ?key=NHV5TXg2cF8wYk5nQkxPN0RaVHNpZHpGQ0tlUTVn\"><span style=\"text-decoration: underline;\"><strong>Festival de Navidad<\/strong><\/span><\/a><\/p>\n\n\n\n\n\n<h2><strong><em>Curso 2021\/22<\/em><\/strong>:<\/h2>\n\n\n\n<div class=\"wp-container-1 wp-block-group\"><div class=\"wp-block-group__inner-container\">\n<p><\/p>\n\n\n\n<p><a rel=\"noreferrer noopener\" href=\"https:\/\/photos.google.com\/album\/AF1QipMOvpU_1ALUPwj6CuFF5oJ2-3kIzwUDY-fRmeiV\" data-type=\"URL\" data-id=\"https:\/\/photos.google.com\/album\/AF1QipMOvpU_1ALUPwj6CuFF5oJ2-3kIzwUDY-fRmeiV\" target=\"_blank\"><strong>Fiesta de Fin de Curso 21\/22<\/strong><\/a><\/p>\n\n\n\n<p><strong><a href=\"https:\/\/photos.google.com\/album\/AF1QipPjYB2TP0AxZy3kJJ1l_ZUSwC3j2YY3cdSC_QGr\" data-type=\"URL\" data-id=\"https:\/\/photos.google.com\/album\/AF1QipPjYB2TP0AxZy3kJJ1l_ZUSwC3j2YY3cdSC_QGr\">Graduaci\u00f3n de 6\u00ba de Primaria<\/a><\/strong><\/p>\n\n\n\n<p><strong><a href=\"https:\/\/photos.google.com\/album\/AF1QipOL9bd643AD87bcBfQcLBhtzE60fWiSrNQC0Vhk\" data-type=\"URL\" data-id=\"https:\/\/photos.google.com\/album\/AF1QipOL9bd643AD87bcBfQcLBhtzE60fWiSrNQC0Vhk\">Graduaci\u00f3n de 3\u00ba de Infantil<\/a><\/strong><\/p>\n\n\n\n<p><a href=\"https:\/\/photos.google.com\/album\/AF1QipOYV-fxdjNCXs7ahJi4Uq3-6yApX0RKhbXjVfHb\"><strong>Excursi\u00f3n fin de curso de 2\u00ba de Infantil<\/strong><\/a><\/p>\n\n\n\n<p><span style=\"text-decoration: underline;\"><span style=\"color: #333399;\"><strong><em><a href=\"https:\/\/photos.google.com\/?tab=mq&amp;pageId=none&amp;pli=1\">Carnaval 2022<\/a><\/em><\/strong><\/span><\/span>    <\/p>\n\n\n\n<p><\/p>\n\n\n\n<p><strong><a href=\"https:\/\/photos.app.goo.gl\/kARWtN1MQjYqjejz9\" data-type=\"URL\" data-id=\"https:\/\/photos.app.goo.gl\/kARWtN1MQjYqjejz9\" target=\"_blank\" rel=\"noreferrer noopener\">D\u00eda de la Paz 2022. Historia y presentaci\u00f3n del \u00c1rbol de la Amistad y los Buenos Tratos<\/a>  <\/strong>                                             <\/p>\n\n\n\n<p><\/p>\n<\/div><\/div>\n\n\n\n<h2><strong><em>Curso 2020\/21<\/em><\/strong>:<\/h2>\n\n\n\n<table style=\"border-collapse: collapse; width: 100%; height: 44px;\">\n<tbody>\n<tr style=\"height: 44px; background-color: #f2f1e9;\">\n<td style=\"width: 100%; height: 44px;\">\n<p><a href=\"https:\/\/photos.app.goo.gl\/qoXYwyjZwqJFkEV27\"><strong><span style=\"color: #333399;\"><em>Visita de SS.MM. los Reyes Magos de Oriente y Olentzero<\/em><\/span><\/strong><\/a><\/p>\n<\/td>\n<\/tr>\n<\/tbody>\n<\/table>\n<\/div><\/div>\n\n\n\n\n\n<h2><strong><em>Curso 2015\/2016:<\/em><\/strong><\/h2>\n\n\n\n<figure class=\"wp-block-table is-style-stripes\"><table class=\"has-fixed-layout\"><tbody><tr><td> <a rel=\"noreferrer noopener\" href=\"https:\/\/drive.google.com\/folderview?id=0Bw7-u7EsWpVQVk8zX2tmM3pvaW8&amp;usp=sharing\" target=\"_blank\"><strong><em>Carnaval 2016<\/em><\/strong><\/a> <\/td><td> <strong><em><a href=\"https:\/\/drive.google.com\/folderview?id=0Bw7-u7EsWpVQcXNWTnRJbFZ0eXM&amp;usp=sharing\" target=\"_blank\" rel=\"noreferrer noopener\" aria-label=\" (abre en una nueva pesta\u00f1a)\">English Week &#8211; Marzo de 2016<\/a><\/em><\/strong> <\/td><\/tr><tr><td><strong><a rel=\"noreferrer noopener\" aria-label=\" (abre en una nueva pesta\u00f1a)\" href=\"https:\/\/drive.google.com\/folderview?id=0Bw7-u7EsWpVQNzFOSTlMOHJrRXM&amp;usp=sharing\" target=\"_blank\">1\u00ba EP &#8211; \u00abLas emociones\u00bb<\/a><\/strong>  <\/td><td><a rel=\"noreferrer noopener\" href=\"https:\/\/drive.google.com\/folderview?id=0Bw7-u7EsWpVQY1oxNzZkQllla2M&amp;usp=sharing\" target=\"_blank\"><strong>\u00abLa Leyenda del Caballero de San Jorge\u00bb<\/strong><\/a> <\/td><\/tr><tr><td> <a rel=\"noreferrer noopener\" href=\"https:\/\/drive.google.com\/folderview?id=0Bw7-u7EsWpVQOUxDVDZDWGtPVFU&amp;usp=sharing\" target=\"_blank\"><strong>Graduaci\u00f3n 3\u00ba EI<\/strong><\/a> <\/td><td>  <a rel=\"noreferrer noopener\" href=\"https:\/\/drive.google.com\/folderview?id=0Bw7-u7EsWpVQZ0ZQdkY3Y2VmRzg&amp;usp=sharing\" target=\"_blank\"><strong>Graduaci\u00f3n 6\u00ba EP<\/strong><\/a> <\/td><\/tr><tr><td>  <a rel=\"noreferrer noopener\" href=\"https:\/\/drive.google.com\/folderview?id=0Bw7-u7EsWpVQcGlQcXRzSkRCWm8&amp;usp=sharing\" target=\"_blank\"><strong>Fiesta &#8211; Fin de Curso<\/strong><\/a>  <\/td><td><\/td><\/tr><\/tbody><\/table><\/figure>\n\n\n\n<h2><strong><em>Curso 2016\/2017:<\/em><\/strong><\/h2>\n\n\n\n<figure class=\"wp-block-table is-style-stripes\"><table class=\"has-fixed-layout\"><tbody><tr><td> <a rel=\"noreferrer noopener\" href=\"https:\/\/drive.google.com\/drive\/folders\/0Bw7-u7EsWpVQYzNYZXZyenI2YUk?usp=sharing\" target=\"_blank\"><strong>Festival de Navidad EI y 1\u00ba-2\u00ba-3\u00ba EP<\/strong><\/a> <\/td><td> <a rel=\"noreferrer noopener\" href=\"https:\/\/drive.google.com\/drive\/folders\/0Bw7-u7EsWpVQdDdhYl9DTmxTaXM?usp=sharing\" target=\"_blank\"><strong>Festival de Navidad 4\u00ba-5\u00ba-6\u00ba EP<\/strong><\/a> <\/td><\/tr><tr><td> <strong><a rel=\"noreferrer noopener\" href=\"https:\/\/drive.google.com\/drive\/folders\/0Bw7-u7EsWpVQMTBuMTZqLUxGLXM?usp=sharing\" target=\"_blank\">Carnaval 2017<\/a><\/strong> <\/td><td> <a rel=\"noreferrer noopener\" href=\"https:\/\/drive.google.com\/drive\/folders\/0Bw7-u7EsWpVQQUxITlZicTA5eXM?usp=sharing\" target=\"_blank\"><strong>English Week &#8211; Abril de 2017<\/strong><\/a><\/td><\/tr><tr><td> <a rel=\"noreferrer noopener\" href=\"https:\/\/drive.google.com\/drive\/folders\/0Bw7-u7EsWpVQdzNHMXRvZUtvMEU?usp=sharing\" target=\"_blank\"><strong>Concierto \u00abRESONANTE-BASUBAND\u00bb<\/strong><\/a><\/td><td> <strong><a rel=\"noreferrer noopener\" href=\"https:\/\/drive.google.com\/drive\/folders\/0Bw7-u7EsWpVQbndKZG5iMWpuNjQ?usp=sharing\" target=\"_blank\">Campa\u00f1a de Nataci\u00f3n Escolar<\/a><\/strong> <\/td><\/tr><\/tbody><\/table><\/figure>\n\n\n\n<h2><strong><em>Curso 2017\/2018:<\/em><\/strong><\/h2>\n\n\n\n<figure class=\"wp-block-table is-style-stripes\"><table class=\"has-fixed-layout\"><tbody><tr><td> <a rel=\"noreferrer noopener\" href=\"https:\/\/drive.google.com\/open?id=0Bw7-u7EsWpVQd09QNWdheVI4Zk0\" target=\"_blank\"><strong>Fiesta de Halloween (APYMA)<\/strong><\/a> <\/td><td> <a rel=\"noreferrer noopener\" href=\"https:\/\/drive.google.com\/drive\/folders\/1maOcwF5jI1oiDw3gdSX3jmCjeDoINlVe?usp=sharing\" target=\"_blank\"><strong>Festival de Navidad<\/strong><\/a> <\/td><\/tr><tr><td> <a rel=\"noreferrer noopener\" href=\"https:\/\/drive.google.com\/drive\/folders\/1JZKKP0X3OS3lLynsKzMM9OdDcNa4f8Hv?usp=sharing\" target=\"_blank\"><strong>Carnaval 2018<\/strong><\/a> <\/td><td><a rel=\"noreferrer noopener\" href=\"https:\/\/drive.google.com\/open?id=1aXc66nIXSpDsF87q7RzS1NV0fuCFflT2\" target=\"_blank\"><strong>Santa \u00c1gueda 2018<\/strong><\/a><\/td><\/tr><tr><td> <a rel=\"noreferrer noopener\" href=\"https:\/\/drive.google.com\/drive\/folders\/1JZKKP0X3OS3lLynsKzMM9OdDcNa4f8Hv?usp=sharing\" target=\"_blank\"><strong>Aula Rojilla 2018<\/strong><\/a> <\/td><td> <a rel=\"noreferrer noopener\" href=\"https:\/\/drive.google.com\/open?id=1sMuV06eb2B3DXIEw_vYY2Y0Owd_FQtUN\" target=\"_blank\"><strong>La bicicleta en la escuela_2018<\/strong><\/a><\/td><\/tr><tr><td> <a rel=\"noreferrer noopener\" href=\"https:\/\/drive.google.com\/drive\/folders\/1059mhwoFGmUgeTQAnbcGGh3sjKo1o3sH?usp=sharing\" target=\"_blank\"><strong>Campeonato de Espa\u00f1a de Ajedrez-Sub12<\/strong><\/a><\/td><td> <a rel=\"noreferrer noopener\" href=\"https:\/\/drive.google.com\/drive\/folders\/1XrXtv1t-RwpV7HDoLSI8udI4w_SGR_VN?usp=sharing\" target=\"_blank\"><strong>Concierto \u00abLA PERLA\u00bb &#8211; 17 de mayo de 2018<\/strong><\/a> <\/td><\/tr><tr><td> <a rel=\"noreferrer noopener\" href=\"https:\/\/drive.google.com\/drive\/folders\/1Sqs6fcG8ktOptnJGe_K_9ZICHA72BXB4?usp=sharing\" target=\"_blank\"><strong>Campa\u00f1a de Nataci\u00f3n Escolar<\/strong><\/a><\/td><td><\/td><\/tr><\/tbody><\/table><\/figure>\n\n\n\n<h2><strong><em>Curso 2018\/2019:<\/em><\/strong><\/h2>\n\n\n\n<figure class=\"wp-block-table is-style-stripes\"><table class=\"has-fixed-layout\"><tbody><tr><td> <a rel=\"noreferrer noopener\" href=\"https:\/\/drive.google.com\/open?id=16j4U1BTc3uMlCSbclHlPYPQUEN2k2CzT\" target=\"_blank\"><strong>Festival de Navidad<\/strong><\/a> <\/td><td> <a rel=\"noreferrer noopener\" href=\"https:\/\/drive.google.com\/open?id=1nHE1JBwke-Ar-fZNzNDOQsBd1Wlxa6V7\" target=\"_blank\"><strong>Coros de Santa \u00c1gueda<\/strong><\/a> <\/td><\/tr><tr><td> <a rel=\"noreferrer noopener\" href=\"https:\/\/drive.google.com\/drive\/folders\/1EIBse2zsJ0RCSLO7g8AxQZ6jWr_BzjuV?usp=sharing\" target=\"_blank\"><strong>Carnaval 2019<\/strong><\/a> <\/td><td><\/td><\/tr><\/tbody><\/table><\/figure>\n\n\n\n<p><\/p>\n\n\n\n<h2 class=\"rich-text editor-rich-text__editable block-editor-rich-text__editable is-selected\" role=\"textbox\" contenteditable=\"true\" aria-multiline=\"true\" aria-label=\"Escribe el encabezado\u2026\"><strong><em data-rich-text-format-boundary=\"true\">Curso 2019\/2020:<\/em><\/strong><\/h2>\n\n\n\n<figure class=\"wp-block-table\"><table><tbody><tr><td><a href=\"https:\/\/photos.app.goo.gl\/Zp3ymh3FiFTf6iUH9\" target=\"_blank\" rel=\"noreferrer noopener\" aria-label=\"Festival de Navidad (opens in a new tab)\"><strong>Festival de Navidad<\/strong><\/a><\/td><td><a href=\"https:\/\/photos.app.goo.gl\/16Lht4iXiHGp6SDZ7\" target=\"_blank\" rel=\"noreferrer noopener\" aria-label=\"Coros de Santa \u00c1gueda (opens in a new tab)\"><strong>Coros de Santa \u00c1gueda<\/strong><\/a><\/td><\/tr><tr><td><a href=\"https:\/\/photos.app.goo.gl\/BxYTD1v9VrtnqkxC8\" target=\"_blank\" rel=\"noreferrer noopener\" aria-label=\"Carnaval 2020 (opens in a new tab)\"><strong>Carnaval 2020<\/strong><\/a><\/td><td><\/td><\/tr><\/tbody><\/table><\/figure>\n\n\n","protected":false},"excerpt":{"rendered":"<p>\u00a0 \u00a0 Curso 2024\/25 3\u00ba de Infantil: fiesta de graduaci\u00f3n 6\u00ba de\u00a0 Primaria: fiesta de graduaci\u00f3n 3\u00ba Infantil: preparaci\u00f3n\u00a0\u00a0\u00a0 y\u00a0 \u00a0visita\u00a0 de la ilustradora Concha Pasamar 4\u00ba de primaria: Entrega del premio RECICL\u00d3N 2\u00ba A y B de Primaria_Salida al trenecito 2\u00ba de primaria: taller de insectos en la Universidad de Navarra 2\u00ba de primaria: &hellip; <\/p>\n<p class=\"link-more\"><a href=\"https:\/\/cpsanjorge.educacion.navarra.es\/web\/imagenes\/\" class=\"more-link\">Continuar leyendo<span class=\"screen-reader-text\"> \u00abIm\u00e1genes\u00bb<\/span><\/a><\/p>\n","protected":false},"author":1,"featured_media":0,"parent":0,"menu_order":0,"comment_status":"closed","ping_status":"closed","template":"","meta":[],"_links":{"self":[{"href":"https:\/\/cpsanjorge.educacion.navarra.es\/web\/wp-json\/wp\/v2\/pages\/284"}],"collection":[{"href":"https:\/\/cpsanjorge.educacion.navarra.es\/web\/wp-json\/wp\/v2\/pages"}],"about":[{"href":"https:\/\/cpsanjorge.educacion.navarra.es\/web\/wp-json\/wp\/v2\/types\/page"}],"author":[{"embeddable":true,"href":"https:\/\/cpsanjorge.educacion.navarra.es\/web\/wp-json\/wp\/v2\/users\/1"}],"replies":[{"embeddable":true,"href":"https:\/\/cpsanjorge.educacion.navarra.es\/web\/wp-json\/wp\/v2\/comments?post=284"}],"version-history":[{"count":128,"href":"https:\/\/cpsanjorge.educacion.navarra.es\/web\/wp-json\/wp\/v2\/pages\/284\/revisions"}],"predecessor-version":[{"id":4488,"href":"https:\/\/cpsanjorge.educacion.navarra.es\/web\/wp-json\/wp\/v2\/pages\/284\/revisions\/4488"}],"wp:attachment":[{"href":"https:\/\/cpsanjorge.educacion.navarra.es\/web\/wp-json\/wp\/v2\/media?parent=284"}],"curies":[{"name":"wp","href":"https:\/\/api.w.org\/{rel}","templated":true}]}}