{"id":269,"date":"2016-04-05T15:20:09","date_gmt":"2016-04-05T13:20:09","guid":{"rendered":"http:\/\/cpsanjorge.educacion.navarra.es\/web\/?page_id=269"},"modified":"2016-04-26T09:29:02","modified_gmt":"2016-04-26T07:29:02","slug":"educacion-primaria","status":"publish","type":"page","link":"https:\/\/cpsanjorge.educacion.navarra.es\/web\/educacion-primaria\/","title":{"rendered":"Blogs-Educaci\u00f3n Primaria"},"content":{"rendered":"<p>Si pinchas en las subp\u00e1ginas de <strong>Educaci\u00f3n Primaria<\/strong> encontrar\u00e1s los diferentes blogs que se llevan a cabo en el colegio en\u00a0 los cursos de Educaci\u00f3n Primaria:<\/p>\n<ul>\n<li>Blog 1\u00ba Educaci\u00f3n Primaria.<\/li>\n<li>Blog 2\u00ba Educaci\u00f3n Primaria.<\/li>\n<li>Blog 3\u00ba Educaci\u00f3n Primaria.<\/li>\n<li>Blog 4\u00ba Educaci\u00f3n Primaria.<\/li>\n<li>Blog 5\u00ba Educaci\u00f3n Primaria.<\/li>\n<li>Blog 6\u00ba Educaci\u00f3n Primaria.<\/li>\n<\/ul>\n","protected":false},"excerpt":{"rendered":"<p>Si pinchas en las subp\u00e1ginas de Educaci\u00f3n Primaria encontrar\u00e1s los diferentes blogs que se llevan a cabo en el colegio en\u00a0 los cursos de Educaci\u00f3n Primaria: Blog 1\u00ba Educaci\u00f3n Primaria. Blog 2\u00ba Educaci\u00f3n Primaria. Blog 3\u00ba Educaci\u00f3n Primaria. Blog 4\u00ba Educaci\u00f3n Primaria. Blog 5\u00ba Educaci\u00f3n Primaria. Blog 6\u00ba Educaci\u00f3n Primaria.<\/p>\n","protected":false},"author":1,"featured_media":0,"parent":0,"menu_order":0,"comment_status":"closed","ping_status":"closed","template":"","meta":[],"_links":{"self":[{"href":"https:\/\/cpsanjorge.educacion.navarra.es\/web\/wp-json\/wp\/v2\/pages\/269"}],"collection":[{"href":"https:\/\/cpsanjorge.educacion.navarra.es\/web\/wp-json\/wp\/v2\/pages"}],"about":[{"href":"https:\/\/cpsanjorge.educacion.navarra.es\/web\/wp-json\/wp\/v2\/types\/page"}],"author":[{"embeddable":true,"href":"https:\/\/cpsanjorge.educacion.navarra.es\/web\/wp-json\/wp\/v2\/users\/1"}],"replies":[{"embeddable":true,"href":"https:\/\/cpsanjorge.educacion.navarra.es\/web\/wp-json\/wp\/v2\/comments?post=269"}],"version-history":[{"count":5,"href":"https:\/\/cpsanjorge.educacion.navarra.es\/web\/wp-json\/wp\/v2\/pages\/269\/revisions"}],"predecessor-version":[{"id":527,"href":"https:\/\/cpsanjorge.educacion.navarra.es\/web\/wp-json\/wp\/v2\/pages\/269\/revisions\/527"}],"wp:attachment":[{"href":"https:\/\/cpsanjorge.educacion.navarra.es\/web\/wp-json\/wp\/v2\/media?parent=269"}],"curies":[{"name":"wp","href":"https:\/\/api.w.org\/{rel}","templated":true}]}}