{"id":224,"date":"2016-04-05T09:16:10","date_gmt":"2016-04-05T07:16:10","guid":{"rendered":"http:\/\/cpsanjorge.educacion.navarra.es\/web\/?page_id=224"},"modified":"2023-02-12T21:26:58","modified_gmt":"2023-02-12T20:26:58","slug":"1er-ciclo","status":"publish","type":"page","link":"https:\/\/cpsanjorge.educacion.navarra.es\/web\/1er-ciclo\/","title":{"rendered":"1\u00ba- 2\u00ba Educaci\u00f3n Primaria"},"content":{"rendered":"<p><strong>Las actividades programadas para el presente curso 2022\/23 son las siguientes:<\/strong><\/p>\n<p><strong>1\u00ba Educaci\u00f3n Primaria:<\/strong><\/p>\n<ul>\n<li>Taller de dramatizaci\u00f3n.<\/li>\n<li>La vida en el parque de Villava.<\/li>\n<li>Visita a la biblioteca del Civivox de San Jorge.<\/li>\n<li>Paseo por el r\u00edo.<\/li>\n<li>\u00abSiembro un girasol\u00bb.<\/li>\n<li>\u00abEducaci\u00f3n vial\u00bb.<\/li>\n<li>Visita del zampanzar y vuelta por el barrio.<\/li>\n<li>Dep\u00f3sitos de Mendillorri.<\/li>\n<li>Visita a la historia del barrio.<\/li>\n<li>La leyenda del agua Arteta.<\/li>\n<li>Excursi\u00f3n Fin de Curso a Casa Gurbindo.<\/li>\n<\/ul>\n<p><strong>2\u00ba Educaci\u00f3n Primaria:<\/strong><\/p>\n<ul>\n<li>\u00bfC\u00f3mo suena mi ciudad?<\/li>\n<li>Consumo responsable, reciclaje de juguetes.<\/li>\n<li>Visita al Museo de Navarra y Ayuntamiento.<\/li>\n<li>Visita del zampanzar.<\/li>\n<li>Fira &#8211; Cuentacuentos.<\/li>\n<li>\u00abEducaci\u00f3n vial\u00bb.<\/li>\n<li>Dep\u00f3sitos de Mendillorri.<\/li>\n<li>Excursi\u00f3n Fin de Curso a la f\u00e1brica de caramelos \u00abEl Caser\u00edo\u00bb de Tafalla.<\/li>\n<\/ul>\n","protected":false},"excerpt":{"rendered":"<p>Las actividades programadas para el presente curso 2022\/23 son las siguientes: 1\u00ba Educaci\u00f3n Primaria: Taller de dramatizaci\u00f3n. La vida en el parque de Villava. Visita a la biblioteca del Civivox de San Jorge. Paseo por el r\u00edo. \u00abSiembro un girasol\u00bb. \u00abEducaci\u00f3n vial\u00bb. Visita del zampanzar y vuelta por el barrio. Dep\u00f3sitos de Mendillorri. Visita a &hellip; <\/p>\n<p class=\"link-more\"><a href=\"https:\/\/cpsanjorge.educacion.navarra.es\/web\/1er-ciclo\/\" class=\"more-link\">Continuar leyendo<span class=\"screen-reader-text\"> \u00ab1\u00ba- 2\u00ba Educaci\u00f3n Primaria\u00bb<\/span><\/a><\/p>\n","protected":false},"author":1,"featured_media":0,"parent":0,"menu_order":0,"comment_status":"closed","ping_status":"closed","template":"","meta":[],"_links":{"self":[{"href":"https:\/\/cpsanjorge.educacion.navarra.es\/web\/wp-json\/wp\/v2\/pages\/224"}],"collection":[{"href":"https:\/\/cpsanjorge.educacion.navarra.es\/web\/wp-json\/wp\/v2\/pages"}],"about":[{"href":"https:\/\/cpsanjorge.educacion.navarra.es\/web\/wp-json\/wp\/v2\/types\/page"}],"author":[{"embeddable":true,"href":"https:\/\/cpsanjorge.educacion.navarra.es\/web\/wp-json\/wp\/v2\/users\/1"}],"replies":[{"embeddable":true,"href":"https:\/\/cpsanjorge.educacion.navarra.es\/web\/wp-json\/wp\/v2\/comments?post=224"}],"version-history":[{"count":28,"href":"https:\/\/cpsanjorge.educacion.navarra.es\/web\/wp-json\/wp\/v2\/pages\/224\/revisions"}],"predecessor-version":[{"id":3127,"href":"https:\/\/cpsanjorge.educacion.navarra.es\/web\/wp-json\/wp\/v2\/pages\/224\/revisions\/3127"}],"wp:attachment":[{"href":"https:\/\/cpsanjorge.educacion.navarra.es\/web\/wp-json\/wp\/v2\/media?parent=224"}],"curies":[{"name":"wp","href":"https:\/\/api.w.org\/{rel}","templated":true}]}}