{"id":222,"date":"2016-04-05T09:08:53","date_gmt":"2016-04-05T07:08:53","guid":{"rendered":"http:\/\/cpsanjorge.educacion.navarra.es\/web\/?page_id=222"},"modified":"2021-03-08T12:04:51","modified_gmt":"2021-03-08T11:04:51","slug":"educacion-infantil","status":"publish","type":"page","link":"https:\/\/cpsanjorge.educacion.navarra.es\/web\/educacion-infantil\/","title":{"rendered":"Educaci\u00f3n Infantil"},"content":{"rendered":"<p style=\"text-align: justify;\"><strong>La celebraci\u00f3n de las actividades programadas para el presente curso 2020\/21 est\u00e1n supeditadas al protocolo anti Covid-19. Siguen siendo referencia las que se llevaron a cabo el curso 2019\/20.<\/strong><\/p>\n<p><strong>1\u00ba Educaci\u00f3n Infantil (3 a\u00f1os):<\/strong><\/p>\n<ul>\n<li>Salida al entorno.<\/li>\n<li>Fira &#8211; Cuentacuentos.<\/li>\n<li>Educaci\u00f3n Vial.<\/li>\n<li>Visita a la Granja Escuela \u00abUltzama\u00bb.<\/li>\n<\/ul>\n<p><strong>2\u00ba Educaci\u00f3n Infantil (4 a\u00f1os):<\/strong><\/p>\n<ul>\n<li>Salida al entorno cercano.<\/li>\n<li>Gigantes de Pamplona.<\/li>\n<li>\u00abDe qu\u00e9 estoy hecho\u00bb.<\/li>\n<li>Aterpeak.<\/li>\n<li>Planetario.<\/li>\n<li>Museo Jorge Oteiza.<\/li>\n<li>Educaci\u00f3n Vial.<\/li>\n<li>Cine en el Civivox.<\/li>\n<li>Mendillorri cambia de estaci\u00f3n.<\/li>\n<\/ul>\n<p><strong>3\u00ba Educaci\u00f3n Infantil (5 a\u00f1os):<\/strong><\/p>\n<ul>\n<li>Salida al entorno cercano.<\/li>\n<li>Museo de Navarra &#8211; Visita teatralizada.<\/li>\n<li>\u00abMe muevo en verde\u00bb.<\/li>\n<li>Cine en el Civivox.<\/li>\n<li>Planetario.<\/li>\n<li>\u201cDe qu\u00e9 estoy hecho\u201d.<\/li>\n<li>Cuento musicado.<\/li>\n<li>Mendillorri cambia de estaci\u00f3n.<\/li>\n<li>Fiesta de Graduaci\u00f3n del alumnado de 3\u00ba de Educaci\u00f3n Infantil.<\/li>\n<\/ul>\n","protected":false},"excerpt":{"rendered":"<p>La celebraci\u00f3n de las actividades programadas para el presente curso 2020\/21 est\u00e1n supeditadas al protocolo anti Covid-19. Siguen siendo referencia las que se llevaron a cabo el curso 2019\/20. 1\u00ba Educaci\u00f3n Infantil (3 a\u00f1os): Salida al entorno. Fira &#8211; Cuentacuentos. Educaci\u00f3n Vial. Visita a la Granja Escuela \u00abUltzama\u00bb. 2\u00ba Educaci\u00f3n Infantil (4 a\u00f1os): Salida al &hellip; <\/p>\n<p class=\"link-more\"><a href=\"https:\/\/cpsanjorge.educacion.navarra.es\/web\/educacion-infantil\/\" class=\"more-link\">Continuar leyendo<span class=\"screen-reader-text\"> \u00abEducaci\u00f3n Infantil\u00bb<\/span><\/a><\/p>\n","protected":false},"author":1,"featured_media":0,"parent":0,"menu_order":0,"comment_status":"closed","ping_status":"closed","template":"","meta":[],"_links":{"self":[{"href":"https:\/\/cpsanjorge.educacion.navarra.es\/web\/wp-json\/wp\/v2\/pages\/222"}],"collection":[{"href":"https:\/\/cpsanjorge.educacion.navarra.es\/web\/wp-json\/wp\/v2\/pages"}],"about":[{"href":"https:\/\/cpsanjorge.educacion.navarra.es\/web\/wp-json\/wp\/v2\/types\/page"}],"author":[{"embeddable":true,"href":"https:\/\/cpsanjorge.educacion.navarra.es\/web\/wp-json\/wp\/v2\/users\/1"}],"replies":[{"embeddable":true,"href":"https:\/\/cpsanjorge.educacion.navarra.es\/web\/wp-json\/wp\/v2\/comments?post=222"}],"version-history":[{"count":24,"href":"https:\/\/cpsanjorge.educacion.navarra.es\/web\/wp-json\/wp\/v2\/pages\/222\/revisions"}],"predecessor-version":[{"id":2039,"href":"https:\/\/cpsanjorge.educacion.navarra.es\/web\/wp-json\/wp\/v2\/pages\/222\/revisions\/2039"}],"wp:attachment":[{"href":"https:\/\/cpsanjorge.educacion.navarra.es\/web\/wp-json\/wp\/v2\/media?parent=222"}],"curies":[{"name":"wp","href":"https:\/\/api.w.org\/{rel}","templated":true}]}}