{"id":212,"date":"2016-04-04T10:14:38","date_gmt":"2016-04-04T08:14:38","guid":{"rendered":"http:\/\/cpsanjorge.educacion.navarra.es\/web\/?page_id=212"},"modified":"2024-10-08T15:12:28","modified_gmt":"2024-10-08T13:12:28","slug":"informacion-apyma","status":"publish","type":"page","link":"https:\/\/cpsanjorge.educacion.navarra.es\/web\/informacion-apyma\/","title":{"rendered":"Informaci\u00f3n APYMA"},"content":{"rendered":"<p align=\"left\">\n<p style=\"text-align: justify;\" align=\"left\">La Asociaci\u00f3n de Padres y Madres del alumnado del centro os anima a\u00a0 tomar parte en la vida del centro. Aqu\u00ed ten\u00e9is el correo electr\u00f3nico al que pod\u00e9is escribir si necesit\u00e1is informaros sobre nuestra funci\u00f3n en el colegio. Os recordamos que la cuota es de <strong>20\u00a0\u20ac por familia y a\u00f1o<\/strong>.<\/p>\n<p align=\"left\"><span style=\"font-family: Gautami, sans-serif;\"><span style=\"font-size: large;\"><span style=\"font-size: small;\">\u00a0<a href=\"mailto:apymasanjorge@gmail.com\">apymasanjorge@gmail.com<\/a>\u00a0<\/span><\/span><\/span><\/p>\n<p style=\"text-align: center;\" align=\"left\"><strong>\u00a1OS ESPERAMOS!<\/strong><\/p>\n<p style=\"text-align: center;\" align=\"left\">\n","protected":false},"excerpt":{"rendered":"<p>La Asociaci\u00f3n de Padres y Madres del alumnado del centro os anima a\u00a0 tomar parte en la vida del centro. Aqu\u00ed ten\u00e9is el correo electr\u00f3nico al que pod\u00e9is escribir si necesit\u00e1is informaros sobre nuestra funci\u00f3n en el colegio. Os recordamos que la cuota es de 20\u00a0\u20ac por familia y a\u00f1o. \u00a0apymasanjorge@gmail.com\u00a0 \u00a1OS ESPERAMOS!<\/p>\n","protected":false},"author":1,"featured_media":0,"parent":0,"menu_order":0,"comment_status":"closed","ping_status":"closed","template":"","meta":[],"_links":{"self":[{"href":"https:\/\/cpsanjorge.educacion.navarra.es\/web\/wp-json\/wp\/v2\/pages\/212"}],"collection":[{"href":"https:\/\/cpsanjorge.educacion.navarra.es\/web\/wp-json\/wp\/v2\/pages"}],"about":[{"href":"https:\/\/cpsanjorge.educacion.navarra.es\/web\/wp-json\/wp\/v2\/types\/page"}],"author":[{"embeddable":true,"href":"https:\/\/cpsanjorge.educacion.navarra.es\/web\/wp-json\/wp\/v2\/users\/1"}],"replies":[{"embeddable":true,"href":"https:\/\/cpsanjorge.educacion.navarra.es\/web\/wp-json\/wp\/v2\/comments?post=212"}],"version-history":[{"count":19,"href":"https:\/\/cpsanjorge.educacion.navarra.es\/web\/wp-json\/wp\/v2\/pages\/212\/revisions"}],"predecessor-version":[{"id":4132,"href":"https:\/\/cpsanjorge.educacion.navarra.es\/web\/wp-json\/wp\/v2\/pages\/212\/revisions\/4132"}],"wp:attachment":[{"href":"https:\/\/cpsanjorge.educacion.navarra.es\/web\/wp-json\/wp\/v2\/media?parent=212"}],"curies":[{"name":"wp","href":"https:\/\/api.w.org\/{rel}","templated":true}]}}