{"id":210,"date":"2016-04-04T10:14:07","date_gmt":"2016-04-04T08:14:07","guid":{"rendered":"http:\/\/cpsanjorge.educacion.navarra.es\/web\/?page_id=210"},"modified":"2021-10-21T12:43:31","modified_gmt":"2021-10-21T10:43:31","slug":"apyma","status":"publish","type":"page","link":"https:\/\/cpsanjorge.educacion.navarra.es\/web\/apyma\/","title":{"rendered":"APYMA"},"content":{"rendered":"<p>Si pinchas en las subp\u00e1ginas de <strong>APYMA<\/strong> encontrar\u00e1s:<\/p>\n<ul style=\"list-style-type: square;\">\n<li><strong>Informaci\u00f3n APYMA:<\/strong> Toda la informaci\u00f3n relativa a la asociaci\u00f3n de padres y madres del Colegio.<\/li>\n<li><strong>Actividades APYMA:\u00a0<\/strong>Se enumeran todas las actividades que realiza la APYMA a lo largo del curso.<\/li>\n<li><strong>Im\u00e1genes APYMA:<\/strong> Im\u00e1genes de las actividades que realiza la APYMA.<\/li>\n<\/ul>\n","protected":false},"excerpt":{"rendered":"<p>Si pinchas en las subp\u00e1ginas de APYMA encontrar\u00e1s: Informaci\u00f3n APYMA: Toda la informaci\u00f3n relativa a la asociaci\u00f3n de padres y madres del Colegio. Actividades APYMA:\u00a0Se enumeran todas las actividades que realiza la APYMA a lo largo del curso. Im\u00e1genes APYMA: Im\u00e1genes de las actividades que realiza la APYMA.<\/p>\n","protected":false},"author":1,"featured_media":0,"parent":0,"menu_order":0,"comment_status":"closed","ping_status":"closed","template":"","meta":[],"_links":{"self":[{"href":"https:\/\/cpsanjorge.educacion.navarra.es\/web\/wp-json\/wp\/v2\/pages\/210"}],"collection":[{"href":"https:\/\/cpsanjorge.educacion.navarra.es\/web\/wp-json\/wp\/v2\/pages"}],"about":[{"href":"https:\/\/cpsanjorge.educacion.navarra.es\/web\/wp-json\/wp\/v2\/types\/page"}],"author":[{"embeddable":true,"href":"https:\/\/cpsanjorge.educacion.navarra.es\/web\/wp-json\/wp\/v2\/users\/1"}],"replies":[{"embeddable":true,"href":"https:\/\/cpsanjorge.educacion.navarra.es\/web\/wp-json\/wp\/v2\/comments?post=210"}],"version-history":[{"count":3,"href":"https:\/\/cpsanjorge.educacion.navarra.es\/web\/wp-json\/wp\/v2\/pages\/210\/revisions"}],"predecessor-version":[{"id":1163,"href":"https:\/\/cpsanjorge.educacion.navarra.es\/web\/wp-json\/wp\/v2\/pages\/210\/revisions\/1163"}],"wp:attachment":[{"href":"https:\/\/cpsanjorge.educacion.navarra.es\/web\/wp-json\/wp\/v2\/media?parent=210"}],"curies":[{"name":"wp","href":"https:\/\/api.w.org\/{rel}","templated":true}]}}