{"id":198,"date":"2016-04-04T09:59:43","date_gmt":"2016-04-04T07:59:43","guid":{"rendered":"http:\/\/cpsanjorge.educacion.navarra.es\/web\/?page_id=198"},"modified":"2024-11-15T14:08:52","modified_gmt":"2024-11-15T13:08:52","slug":"consejo-escolar","status":"publish","type":"page","link":"https:\/\/cpsanjorge.educacion.navarra.es\/web\/consejo-escolar\/","title":{"rendered":"Consejo Escolar"},"content":{"rendered":"<p><strong>Composici\u00f3n del Consejo Escolar del C.P.E.I.P. San Jorge:<\/strong><\/p>\n<p><strong>Presidente:<\/strong><\/p>\n<ul>\n<li>Susana Diego<\/li>\n<\/ul>\n<p><strong>Jefe de Estudios:<\/strong><\/p>\n<ul>\n<li>Jos\u00e9 Ignacio Dufur<\/li>\n<\/ul>\n<p><strong>Representantes del profesorado:<\/strong><\/p>\n<ul>\n<li>Ester Jauregui<\/li>\n<li>Itziar Guerendiain<\/li>\n<li>Rosa \u00c1lvarez<\/li>\n<li>Sara Sevilla<\/li>\n<li>Miguel Zafra<\/li>\n<\/ul>\n<p><strong>Representantes de los padres\/madres:<\/strong><\/p>\n<ul>\n<li>Bel\u00e9n Jim\u00e9nez<\/li>\n<li>Joy Iyase<\/li>\n<li>Lutxi Ira\u00f1eta Del Campo<\/li>\n<li>Jos\u00e9 Luis Luquin<\/li>\n<li><span style=\"text-decoration: underline;\">Representante de la APYMA<\/span>: M\u00aa Fernanda Filgueira<\/li>\n<\/ul>\n<p><strong>Representante del personal de Atenci\u00f3n Educativa:<\/strong><\/p>\n<ul>\n<li>Roberto Beruete<\/li>\n<\/ul>\n<p><strong>Representante del personal no docente:<\/strong><\/p>\n<ul>\n<li>Jos\u00e9 Antonio L\u00f3pez Indur\u00e1in<\/li>\n<\/ul>\n<p><strong>Representante del Ayuntamiento:<\/strong><\/p>\n<ul>\n<li>Javier Labairu<\/li>\n<\/ul>\n<p><strong>Secretaria<\/strong>\u00a0(con voz, pero sin voto):<\/p>\n<ul>\n<li>Maite Bezunartea<\/li>\n<\/ul>\n","protected":false},"excerpt":{"rendered":"<p>Composici\u00f3n del Consejo Escolar del C.P.E.I.P. San Jorge: Presidente: Susana Diego Jefe de Estudios: Jos\u00e9 Ignacio Dufur Representantes del profesorado: Ester Jauregui Itziar Guerendiain Rosa \u00c1lvarez Sara Sevilla Miguel Zafra Representantes de los padres\/madres: Bel\u00e9n Jim\u00e9nez Joy Iyase Lutxi Ira\u00f1eta Del Campo Jos\u00e9 Luis Luquin Representante de la APYMA: M\u00aa Fernanda Filgueira Representante del personal &hellip; <\/p>\n<p class=\"link-more\"><a href=\"https:\/\/cpsanjorge.educacion.navarra.es\/web\/consejo-escolar\/\" class=\"more-link\">Continuar leyendo<span class=\"screen-reader-text\"> \u00abConsejo Escolar\u00bb<\/span><\/a><\/p>\n","protected":false},"author":1,"featured_media":0,"parent":0,"menu_order":0,"comment_status":"closed","ping_status":"closed","template":"","meta":[],"_links":{"self":[{"href":"https:\/\/cpsanjorge.educacion.navarra.es\/web\/wp-json\/wp\/v2\/pages\/198"}],"collection":[{"href":"https:\/\/cpsanjorge.educacion.navarra.es\/web\/wp-json\/wp\/v2\/pages"}],"about":[{"href":"https:\/\/cpsanjorge.educacion.navarra.es\/web\/wp-json\/wp\/v2\/types\/page"}],"author":[{"embeddable":true,"href":"https:\/\/cpsanjorge.educacion.navarra.es\/web\/wp-json\/wp\/v2\/users\/1"}],"replies":[{"embeddable":true,"href":"https:\/\/cpsanjorge.educacion.navarra.es\/web\/wp-json\/wp\/v2\/comments?post=198"}],"version-history":[{"count":15,"href":"https:\/\/cpsanjorge.educacion.navarra.es\/web\/wp-json\/wp\/v2\/pages\/198\/revisions"}],"predecessor-version":[{"id":4188,"href":"https:\/\/cpsanjorge.educacion.navarra.es\/web\/wp-json\/wp\/v2\/pages\/198\/revisions\/4188"}],"wp:attachment":[{"href":"https:\/\/cpsanjorge.educacion.navarra.es\/web\/wp-json\/wp\/v2\/media?parent=198"}],"curies":[{"name":"wp","href":"https:\/\/api.w.org\/{rel}","templated":true}]}}