{"id":192,"date":"2016-04-04T09:56:17","date_gmt":"2016-04-04T07:56:17","guid":{"rendered":"http:\/\/cpsanjorge.educacion.navarra.es\/web\/?page_id=192"},"modified":"2026-02-02T09:52:17","modified_gmt":"2026-02-02T08:52:17","slug":"comision-de-convivencia","status":"publish","type":"page","link":"https:\/\/cpsanjorge.educacion.navarra.es\/web\/comision-de-convivencia\/","title":{"rendered":"Comisi\u00f3n de Convivencia 25\/26"},"content":{"rendered":"<p><strong>La Comisi\u00f3n de Convivencia del C.P.E.I.P. San Jorge est\u00e1 integrada por las siguientes personas:<\/strong><\/p>\n<p><strong>Director:<\/strong><\/p>\n<ul>\n<li>Susana Diego<\/li>\n<\/ul>\n<p><strong>Jefa de Estudios. Secretaria:<\/strong><\/p>\n<ul>\n<li>Jos\u00e9 Ignacio Dufur<\/li>\n<li>Maite Bezunartea<\/li>\n<\/ul>\n<p><strong>Profesoras:<\/strong><\/p>\n<ul>\n<li>Rosa \u00c1lvarez\u00a0<\/li>\n<li>Virginia As\u00edn<\/li>\n<li>Andrea Aguirre<\/li>\n<li>Julen Aizcorbe<\/li>\n<\/ul>\n<p><strong>Asesora:<\/strong><\/p>\n<ul>\n<li>Silvia Garc\u00eda(Orientadora).<\/li>\n<\/ul>\n<p><strong>Representante de madres y padres:<\/strong><\/p>\n<ul>\n<li>M\u00aa Fernanda Filgueira<\/li>\n<\/ul>\n<p><strong>Promotora escolar<\/strong>:<\/p>\n<ul>\n<li>\u00c1ngela Otazu<\/li>\n<\/ul>\n\n","protected":false},"excerpt":{"rendered":"<p>La Comisi\u00f3n de Convivencia del C.P.E.I.P. San Jorge est\u00e1 integrada por las siguientes personas: Director: Susana Diego Jefa de Estudios. Secretaria: Jos\u00e9 Ignacio Dufur Maite Bezunartea Profesoras: Rosa \u00c1lvarez\u00a0 Virginia As\u00edn Andrea Aguirre Julen Aizcorbe Asesora: Silvia Garc\u00eda(Orientadora). Representante de madres y padres: M\u00aa Fernanda Filgueira Promotora escolar: \u00c1ngela Otazu<\/p>\n","protected":false},"author":1,"featured_media":0,"parent":0,"menu_order":0,"comment_status":"closed","ping_status":"closed","template":"","meta":[],"_links":{"self":[{"href":"https:\/\/cpsanjorge.educacion.navarra.es\/web\/wp-json\/wp\/v2\/pages\/192"}],"collection":[{"href":"https:\/\/cpsanjorge.educacion.navarra.es\/web\/wp-json\/wp\/v2\/pages"}],"about":[{"href":"https:\/\/cpsanjorge.educacion.navarra.es\/web\/wp-json\/wp\/v2\/types\/page"}],"author":[{"embeddable":true,"href":"https:\/\/cpsanjorge.educacion.navarra.es\/web\/wp-json\/wp\/v2\/users\/1"}],"replies":[{"embeddable":true,"href":"https:\/\/cpsanjorge.educacion.navarra.es\/web\/wp-json\/wp\/v2\/comments?post=192"}],"version-history":[{"count":14,"href":"https:\/\/cpsanjorge.educacion.navarra.es\/web\/wp-json\/wp\/v2\/pages\/192\/revisions"}],"predecessor-version":[{"id":4655,"href":"https:\/\/cpsanjorge.educacion.navarra.es\/web\/wp-json\/wp\/v2\/pages\/192\/revisions\/4655"}],"wp:attachment":[{"href":"https:\/\/cpsanjorge.educacion.navarra.es\/web\/wp-json\/wp\/v2\/media?parent=192"}],"curies":[{"name":"wp","href":"https:\/\/api.w.org\/{rel}","templated":true}]}}