{"id":190,"date":"2016-04-04T09:55:53","date_gmt":"2016-04-04T07:55:53","guid":{"rendered":"http:\/\/cpsanjorge.educacion.navarra.es\/web\/?page_id=190"},"modified":"2023-10-06T22:34:58","modified_gmt":"2023-10-06T20:34:58","slug":"ccp","status":"publish","type":"page","link":"https:\/\/cpsanjorge.educacion.navarra.es\/web\/ccp\/","title":{"rendered":"CCP"},"content":{"rendered":"<p><strong>Composici\u00f3n de la Comisi\u00f3n de Coordinaci\u00f3n Pedag\u00f3gica &#8211; Curso 2023\/2024:<\/strong><\/p>\n<p><strong>Secretaria:<\/strong><\/p>\n<ul>\n<li>Maite Bezunartea<\/li>\n<\/ul>\n<p><strong>Jefe de Estudios:<\/strong><\/p>\n<ul>\n<li>Jos\u00e9 Ignacio Dufur<\/li>\n<\/ul>\n<p><strong>Orientadora:<\/strong><\/p>\n<ul>\n<li>Marisol del Pozo P\u00e1ez<\/li>\n<\/ul>\n<p><strong>Coordinadora de Educaci\u00f3n Infantil:<\/strong><\/p>\n<ul>\n<li>Valvanera Jim\u00e9nez<\/li>\n<\/ul>\n<p><strong>Coordinadora\u00a0 de 1\u00ba y 2\u00ba E.P.:<\/strong><\/p>\n<ul>\n<li>Rosa Rodr\u00edguez<\/li>\n<\/ul>\n<p><strong>Coordinador de 3\u00ba y 4\u00ba E.P.:<\/strong><\/p>\n<ul>\n<li>Miguel Zafra<\/li>\n<\/ul>\n<p><strong>Coordinadora 5\u00ba y 6\u00ba E.P.:<\/strong><\/p>\n<ul>\n<li>David Royo<\/li>\n<\/ul>\n","protected":false},"excerpt":{"rendered":"<p>Composici\u00f3n de la Comisi\u00f3n de Coordinaci\u00f3n Pedag\u00f3gica &#8211; Curso 2023\/2024: Secretaria: Maite Bezunartea Jefe de Estudios: Jos\u00e9 Ignacio Dufur Orientadora: Marisol del Pozo P\u00e1ez Coordinadora de Educaci\u00f3n Infantil: Valvanera Jim\u00e9nez Coordinadora\u00a0 de 1\u00ba y 2\u00ba E.P.: Rosa Rodr\u00edguez Coordinador de 3\u00ba y 4\u00ba E.P.: Miguel Zafra Coordinadora 5\u00ba y 6\u00ba E.P.: David Royo<\/p>\n","protected":false},"author":1,"featured_media":0,"parent":0,"menu_order":0,"comment_status":"closed","ping_status":"closed","template":"","meta":[],"_links":{"self":[{"href":"https:\/\/cpsanjorge.educacion.navarra.es\/web\/wp-json\/wp\/v2\/pages\/190"}],"collection":[{"href":"https:\/\/cpsanjorge.educacion.navarra.es\/web\/wp-json\/wp\/v2\/pages"}],"about":[{"href":"https:\/\/cpsanjorge.educacion.navarra.es\/web\/wp-json\/wp\/v2\/types\/page"}],"author":[{"embeddable":true,"href":"https:\/\/cpsanjorge.educacion.navarra.es\/web\/wp-json\/wp\/v2\/users\/1"}],"replies":[{"embeddable":true,"href":"https:\/\/cpsanjorge.educacion.navarra.es\/web\/wp-json\/wp\/v2\/comments?post=190"}],"version-history":[{"count":16,"href":"https:\/\/cpsanjorge.educacion.navarra.es\/web\/wp-json\/wp\/v2\/pages\/190\/revisions"}],"predecessor-version":[{"id":3557,"href":"https:\/\/cpsanjorge.educacion.navarra.es\/web\/wp-json\/wp\/v2\/pages\/190\/revisions\/3557"}],"wp:attachment":[{"href":"https:\/\/cpsanjorge.educacion.navarra.es\/web\/wp-json\/wp\/v2\/media?parent=190"}],"curies":[{"name":"wp","href":"https:\/\/api.w.org\/{rel}","templated":true}]}}