{"id":186,"date":"2016-04-04T09:55:23","date_gmt":"2016-04-04T07:55:23","guid":{"rendered":"http:\/\/cpsanjorge.educacion.navarra.es\/web\/?page_id=186"},"modified":"2021-01-25T21:17:05","modified_gmt":"2021-01-25T20:17:05","slug":"comunidad-escolar","status":"publish","type":"page","link":"https:\/\/cpsanjorge.educacion.navarra.es\/web\/comunidad-escolar\/","title":{"rendered":"Comunidad Escolar"},"content":{"rendered":"<ul style=\"list-style-type: square;\">\n<li><strong>Claustro de profesoras y profesores.<\/strong><\/li>\n<li><strong>CCP <\/strong>o Comisi\u00f3n de Coordinaci\u00f3n Pedag\u00f3gica.<\/li>\n<li><strong>Consejo Escolar<\/strong><\/li>\n<li><strong>Alumnado<\/strong><\/li>\n<\/ul>\n","protected":false},"excerpt":{"rendered":"<p>Claustro de profesoras y profesores. CCP o Comisi\u00f3n de Coordinaci\u00f3n Pedag\u00f3gica. Consejo Escolar Alumnado<\/p>\n","protected":false},"author":1,"featured_media":0,"parent":0,"menu_order":0,"comment_status":"closed","ping_status":"closed","template":"","meta":[],"_links":{"self":[{"href":"https:\/\/cpsanjorge.educacion.navarra.es\/web\/wp-json\/wp\/v2\/pages\/186"}],"collection":[{"href":"https:\/\/cpsanjorge.educacion.navarra.es\/web\/wp-json\/wp\/v2\/pages"}],"about":[{"href":"https:\/\/cpsanjorge.educacion.navarra.es\/web\/wp-json\/wp\/v2\/types\/page"}],"author":[{"embeddable":true,"href":"https:\/\/cpsanjorge.educacion.navarra.es\/web\/wp-json\/wp\/v2\/users\/1"}],"replies":[{"embeddable":true,"href":"https:\/\/cpsanjorge.educacion.navarra.es\/web\/wp-json\/wp\/v2\/comments?post=186"}],"version-history":[{"count":8,"href":"https:\/\/cpsanjorge.educacion.navarra.es\/web\/wp-json\/wp\/v2\/pages\/186\/revisions"}],"predecessor-version":[{"id":1943,"href":"https:\/\/cpsanjorge.educacion.navarra.es\/web\/wp-json\/wp\/v2\/pages\/186\/revisions\/1943"}],"wp:attachment":[{"href":"https:\/\/cpsanjorge.educacion.navarra.es\/web\/wp-json\/wp\/v2\/media?parent=186"}],"curies":[{"name":"wp","href":"https:\/\/api.w.org\/{rel}","templated":true}]}}