{"id":1787,"date":"2020-09-28T21:57:28","date_gmt":"2020-09-28T19:57:28","guid":{"rendered":"https:\/\/cpsanjorge.educacion.navarra.es\/web\/?page_id=1787"},"modified":"2023-02-12T19:03:43","modified_gmt":"2023-02-12T18:03:43","slug":"el-aprendizaje-dialogico","status":"publish","type":"page","link":"https:\/\/cpsanjorge.educacion.navarra.es\/web\/nuestro-centro\/el-aprendizaje-dialogico\/","title":{"rendered":"\u00bfC\u00f3mo ense\u00f1amos? Nuestros pilares"},"content":{"rendered":"\n<p style=\"text-align: justify;\"><strong>El\u00a0 APRENDIZAJE\u00a0 DIAL\u00d3GICO AD constituye el eje sobre el que gira el proyecto de la nueva direcci\u00f3n del centro, un compromiso s\u00f3lidamente fundamentado en la investigaci\u00f3n cient\u00edfica m\u00e1s puntera.<\/strong><\/p>\n<p style=\"text-align: justify;\">El AD basa en los siguientes <span style=\"text-decoration: underline;\"><strong><em>siete principios<\/em><\/strong><\/span>: 1. di\u00e1logo igualitario, 2. transformaci\u00f3n, 3. creaci\u00f3n de sentido, 4. dimensi\u00f3n instrumental, 5. inteligencia cultural, 6. igualdad de diferencias y 7. solidaridad.<\/p>\n<p style=\"text-align: justify;\">\u00a0 \u00a0 \u00a0 \u00a0 \u00a0 El <strong>di\u00e1logo igualitario<\/strong> se desarrolla siempre a partir de la validez de los argumentos que aportan las personas que conversan, no importa qui\u00e9nes sean, c\u00f3mo se llamen&#8230; y tiene el poder de transformar las circunstancias adversas (<strong>transformaci\u00f3n<\/strong>) en oportunidades\u00a0 de desarrollo. Para lograrlo es necesario <strong>crear<\/strong> <strong>sentido <\/strong>a partir de experiencias educativas que conciten la bondad, la verdad y la belleza y desarrollen un curr\u00edculum competencial (<strong>dimensi\u00f3n instrumental<\/strong>) que potencie las inteligencias acad\u00e9mica, comunicativa y pr\u00e1ctica (<strong>inteligencia cultural<\/strong>) como medio para la igualdad de resultados, no solo de oportunidades (<strong>igualdad de diferencias<\/strong>). Demanda, as\u00ed mismo, poner en pr\u00e1ctica la <strong>solidaridad<\/strong> con todas las personas.<\/p>\n<p><img loading=\"lazy\" class=\"aligncenter wp-image-2287\" src=\"https:\/\/cpsanjorge.educacion.navarra.es\/web\/wp-content\/uploads\/2021\/06\/Los-7-principios.jpg\" alt=\"\" width=\"600\" height=\"450\" \/><\/p>\n<p style=\"text-align: justify;\">\u00a0 \u00a0 \u00a0 \u00a0 \u00a0 \u00a0Estos principios fundamentales sustentan las llamadas <strong>actuaciones educativas de \u00e9xito<\/strong>, identificadas por la comunidad cient\u00edfica internacional, entre las que destacan los grupos interactivos, las tertulias dial\u00f3gicas, la biblioteca tutorizada o el llamado Modelo Dial\u00f3gico de Prevenci\u00f3n y Resoluci\u00f3n de Conflictos, pilares de este proyecto de direcci\u00f3n.<\/p>\n<p style=\"text-align: justify;\">\u00a0\u00a0\u00a0\u00a0\u00a0\u00a0\u00a0\u00a0\u00a0\u00a0\u00a0Las evidencias cient\u00edficas, por un lado, y la empat\u00eda y el compromiso \u00e9tico de todas las personas implicadas en la educaci\u00f3n de nuestro alumnado, por otro, constituyen la base de la participaci\u00f3n comunitaria que inspira y da sentido al proyecto, cuyo <strong>car\u00e1cter inclusivo<\/strong> tiene como base la presencia, participaci\u00f3n y aprendizaje de todo nuestro alumnado en la vida del centro.<\/p>\n","protected":false},"excerpt":{"rendered":"<p>El\u00a0 APRENDIZAJE\u00a0 DIAL\u00d3GICO AD constituye el eje sobre el que gira el proyecto de la nueva direcci\u00f3n del centro, un compromiso s\u00f3lidamente fundamentado en la investigaci\u00f3n cient\u00edfica m\u00e1s puntera. El AD basa en los siguientes siete principios: 1. di\u00e1logo igualitario, 2. transformaci\u00f3n, 3. creaci\u00f3n de sentido, 4. dimensi\u00f3n instrumental, 5. inteligencia cultural, 6. igualdad de &hellip; <\/p>\n<p class=\"link-more\"><a href=\"https:\/\/cpsanjorge.educacion.navarra.es\/web\/nuestro-centro\/el-aprendizaje-dialogico\/\" class=\"more-link\">Continuar leyendo<span class=\"screen-reader-text\"> \u00ab\u00bfC\u00f3mo ense\u00f1amos? Nuestros pilares\u00bb<\/span><\/a><\/p>\n","protected":false},"author":1,"featured_media":0,"parent":145,"menu_order":0,"comment_status":"closed","ping_status":"closed","template":"","meta":[],"_links":{"self":[{"href":"https:\/\/cpsanjorge.educacion.navarra.es\/web\/wp-json\/wp\/v2\/pages\/1787"}],"collection":[{"href":"https:\/\/cpsanjorge.educacion.navarra.es\/web\/wp-json\/wp\/v2\/pages"}],"about":[{"href":"https:\/\/cpsanjorge.educacion.navarra.es\/web\/wp-json\/wp\/v2\/types\/page"}],"author":[{"embeddable":true,"href":"https:\/\/cpsanjorge.educacion.navarra.es\/web\/wp-json\/wp\/v2\/users\/1"}],"replies":[{"embeddable":true,"href":"https:\/\/cpsanjorge.educacion.navarra.es\/web\/wp-json\/wp\/v2\/comments?post=1787"}],"version-history":[{"count":8,"href":"https:\/\/cpsanjorge.educacion.navarra.es\/web\/wp-json\/wp\/v2\/pages\/1787\/revisions"}],"predecessor-version":[{"id":3097,"href":"https:\/\/cpsanjorge.educacion.navarra.es\/web\/wp-json\/wp\/v2\/pages\/1787\/revisions\/3097"}],"up":[{"embeddable":true,"href":"https:\/\/cpsanjorge.educacion.navarra.es\/web\/wp-json\/wp\/v2\/pages\/145"}],"wp:attachment":[{"href":"https:\/\/cpsanjorge.educacion.navarra.es\/web\/wp-json\/wp\/v2\/media?parent=1787"}],"curies":[{"name":"wp","href":"https:\/\/api.w.org\/{rel}","templated":true}]}}