{"id":171,"date":"2016-04-04T09:46:12","date_gmt":"2016-04-04T07:46:12","guid":{"rendered":"http:\/\/cpsanjorge.educacion.navarra.es\/web\/?page_id=171"},"modified":"2025-10-10T14:51:21","modified_gmt":"2025-10-10T12:51:21","slug":"comedor","status":"publish","type":"page","link":"https:\/\/cpsanjorge.educacion.navarra.es\/web\/comedor\/","title":{"rendered":"Comedor escolar"},"content":{"rendered":"\n<p style=\"text-align: justify;\">El car\u00e1cter comarcal del comedor escolar del CPEIP San Jorge trae consigo unas nuevas condiciones, de las que informamos a continuaci\u00f3n:<\/p>\n<ul>\n<li style=\"text-align: justify;\"><strong>La asistencia al comedor es OBLIGATORIA para el ALUMNADO SUBVENCIONADO de septiembre a junio los 175 d\u00edas lectivos del curso<\/strong>. En caso de faltar al comedor m\u00e1s del 20% de los d\u00edas (35 a lo largo de todo el curso) el alumno o alumna dejar\u00e1 de percibir autom\u00e1ticamente la ayuda del Gobierno de Navarra.<\/li>\n<li style=\"text-align: justify;\">En el recibo de septiembre se cobrar\u00e1 una <strong>fianza de 30\u20ac<\/strong> para compensar las bajas que se puedan dar de alumnado subvencionado a lo largo del curso. Esta fianza se devolver\u00e1 en el mes de junio a todo el alumnado. Al alumnado que cause baja en el centro durante el curso tambi\u00e9n se le devolver\u00e1 la fianza.<\/li>\n<\/ul>\n<figure id=\"attachment_4582\" aria-describedby=\"caption-attachment-4582\" style=\"width: 1500px\" class=\"wp-caption aligncenter\"><img loading=\"lazy\" class=\"wp-image-4582 size-full\" src=\"https:\/\/cpsanjorge.educacion.navarra.es\/web\/wp-content\/uploads\/2025\/10\/Kamila-2.jpg\" alt=\"\" width=\"1500\" height=\"1053\" srcset=\"https:\/\/cpsanjorge.educacion.navarra.es\/web\/wp-content\/uploads\/2025\/10\/Kamila-2.jpg 1500w, https:\/\/cpsanjorge.educacion.navarra.es\/web\/wp-content\/uploads\/2025\/10\/Kamila-2-300x211.jpg 300w, https:\/\/cpsanjorge.educacion.navarra.es\/web\/wp-content\/uploads\/2025\/10\/Kamila-2-1024x719.jpg 1024w, https:\/\/cpsanjorge.educacion.navarra.es\/web\/wp-content\/uploads\/2025\/10\/Kamila-2-768x539.jpg 768w\" sizes=\"(max-width: 767px) 89vw, (max-width: 1000px) 54vw, (max-width: 1071px) 543px, 580px\" \/><figcaption id=\"caption-attachment-4582\" class=\"wp-caption-text\">Ahora que hay m\u00e1s comensales, habr\u00e1 que recordar que el Club de Valientes sigue tan activo como en todos los espacios del centro.<\/figcaption><\/figure>\n<p>\u00a0<\/p>\n<p style=\"text-align: justify;\">Las familias que tengan m\u00e1s de un hijo en el comedor, est\u00e1 fianza se fraccionar\u00e1 en tantos meses como hijos haya matriculados en el comedor.<\/p>\n<p style=\"text-align: justify;\">\u00a1RECORDAD algo de gran importancia!: es <strong>obligatorio avisar cada d\u00eda de las faltas de asistencia<\/strong> <strong>ANTES de las 9:15,<\/strong> bien enviando un email a <a href=\"mailto:comedor-cpeip-san-jorge-gr@educacion.navarra.es\"><span style=\"color: #333333;\"><strong>comedor-cpeip-san-jorge-gr@educacion.navarra.es<\/strong><\/span>,<\/a>\u00a0 bien llamando por tel\u00e9fono al <span style=\"color: #ff0000;\"><strong>628 064 626<\/strong><\/span>. En caso de no avisar de una falta de asistencia, se cobrar\u00e1 5,5\u20ac por d\u00eda.<\/p>\n<p style=\"text-align: justify;\">Los usuarios del comedor fijos NO SUBVENCIONADOS tendr\u00e1n derecho a una devoluci\u00f3n de <strong>5,5 \u20ac\/d\u00eda<\/strong>, <span style=\"text-decoration: underline;\">siempre y cuando hayan notificado la ausencia antes de las 9:15<\/span>. Estas ausencias se reducir\u00e1n de la cuota del \u00faltimo mes.<\/p>\n<ul style=\"text-align: justify;\">\n<li>El precio del comedor para el alumnado que se apunta de manera espor\u00e1dica es de <strong>9\u20ac\/d\u00eda<\/strong>. Se aceptar\u00e1 a este alumnado a condici\u00f3n de que su presencia no exija la contrataci\u00f3n de m\u00e1s personal cuidador. Igualmente para avisar, hay que enviar un correo electr\u00f3nico a la misma direcci\u00f3n: <a href=\"mailto:comedor-cpeip-san-jorge-gr@educacion.navarra.es\">comedor-cpeip-san-jorge-gr@educacion.navarra.es<\/a> o llamar al colegio (628 064 626) <strong>antes de las 9:15<\/strong>. Si es la primera vez que solicita hacer uso del comedor, deber\u00e1 aportar el n\u00famero de cuenta bancaria.<\/li>\n<\/ul>\n<p style=\"text-align: justify;\">En caso de tener alg\u00fan tipo de intolerancia o alergia, se deber\u00e1\u00a0 adjuntar el informe m\u00e9dico (si es la primera vez) y avisar con 48 horas de antelaci\u00f3n.<\/p>\n<ul style=\"text-align: justify;\">\n<li><strong>Los recibos se girar\u00e1n del 10 al 15 de cada mes<\/strong>, excepto el de septiembre, que se girar\u00e1 a finales del mismo.<\/li>\n<li><strong>Se dar\u00e1 de baja al alumnado que tenga pendiente de pago 2 mensualidades<\/strong> <strong>y se cobrar\u00e1 5\u20ac por cada recibo devuelto.<\/strong><\/li>\n<\/ul>\n<figure id=\"attachment_4583\" aria-describedby=\"caption-attachment-4583\" style=\"width: 1500px\" class=\"wp-caption aligncenter\"><img loading=\"lazy\" class=\"wp-image-4583 size-full\" src=\"https:\/\/cpsanjorge.educacion.navarra.es\/web\/wp-content\/uploads\/2025\/10\/mano-2.jpg\" alt=\"\" width=\"1500\" height=\"1050\" srcset=\"https:\/\/cpsanjorge.educacion.navarra.es\/web\/wp-content\/uploads\/2025\/10\/mano-2.jpg 1500w, https:\/\/cpsanjorge.educacion.navarra.es\/web\/wp-content\/uploads\/2025\/10\/mano-2-300x210.jpg 300w, https:\/\/cpsanjorge.educacion.navarra.es\/web\/wp-content\/uploads\/2025\/10\/mano-2-1024x717.jpg 1024w, https:\/\/cpsanjorge.educacion.navarra.es\/web\/wp-content\/uploads\/2025\/10\/mano-2-768x538.jpg 768w\" sizes=\"(max-width: 767px) 89vw, (max-width: 1000px) 54vw, (max-width: 1071px) 543px, 580px\" \/><figcaption id=\"caption-attachment-4583\" class=\"wp-caption-text\">La buena comida, como los buenos libros, nos alimenta. Cuidemos lo que tomamos. Siempre.<\/figcaption><\/figure>\n<p>\u00a0<\/p>\n<ul>\n<li style=\"text-align: justify;\"><strong>Durante el Servicio del Comedor no se puede salir del recinto escolar<\/strong> sin el permiso de la persona encargada del comedor. Este acto se considerar\u00e1 una <strong>falta grave<\/strong> y se tomar\u00e1n las medidas que se consideren oportunas con quienes infrinjan dicha norma. Si debiera salir durante este tiempo deber\u00e1 notificarlo, mediante un email a <a style=\"font-size: revert; text-align: justify;\" href=\"mailto:comedor-cpeip-san-jorge-gr@educacion.navarra.es\">comedor-cpeip-san-jorge-gr@educacion.navarra.e<\/a><span style=\"font-size: revert; text-align: justify;\">s o una llamada a conserjer\u00eda.\u00a0<\/span><\/li>\n<\/ul>\n<p style=\"text-align: justify;\">En el caso de que una ni\u00f1a o un ni\u00f1o deba salir del comedor espor\u00e1dica o habitualmente, es obligatorio que venga a buscarlo una <strong>persona adulta identificada<\/strong>. Cuando se vaya a casa sin compa\u00f1\u00eda de un adulto o venga a recogerle una persona no autorizada, ser\u00e1 necesario presentar una autorizaci\u00f3n por escrito o que la familia llame por tel\u00e9fono para informar de tal circunstancia.<\/p>\n<p style=\"text-align: justify;\">El CPEIP San Jorge agradece a todas las familias usuarias del servicio de comedor el compromiso con su buen funcionamiento y les recuerda que <strong>hay personal disponible para solventar las dudas que puedan surgir<\/strong>.<\/p>\n<p>Muchas gracias.<\/p>\n","protected":false},"excerpt":{"rendered":"<p>El car\u00e1cter comarcal del comedor escolar del CPEIP San Jorge trae consigo unas nuevas condiciones, de las que informamos a continuaci\u00f3n: La asistencia al comedor es OBLIGATORIA para el ALUMNADO SUBVENCIONADO de septiembre a junio los 175 d\u00edas lectivos del curso. En caso de faltar al comedor m\u00e1s del 20% de los d\u00edas (35 a &hellip; <\/p>\n<p class=\"link-more\"><a href=\"https:\/\/cpsanjorge.educacion.navarra.es\/web\/comedor\/\" class=\"more-link\">Continuar leyendo<span class=\"screen-reader-text\"> \u00abComedor escolar\u00bb<\/span><\/a><\/p>\n","protected":false},"author":1,"featured_media":0,"parent":0,"menu_order":0,"comment_status":"closed","ping_status":"closed","template":"","meta":[],"_links":{"self":[{"href":"https:\/\/cpsanjorge.educacion.navarra.es\/web\/wp-json\/wp\/v2\/pages\/171"}],"collection":[{"href":"https:\/\/cpsanjorge.educacion.navarra.es\/web\/wp-json\/wp\/v2\/pages"}],"about":[{"href":"https:\/\/cpsanjorge.educacion.navarra.es\/web\/wp-json\/wp\/v2\/types\/page"}],"author":[{"embeddable":true,"href":"https:\/\/cpsanjorge.educacion.navarra.es\/web\/wp-json\/wp\/v2\/users\/1"}],"replies":[{"embeddable":true,"href":"https:\/\/cpsanjorge.educacion.navarra.es\/web\/wp-json\/wp\/v2\/comments?post=171"}],"version-history":[{"count":11,"href":"https:\/\/cpsanjorge.educacion.navarra.es\/web\/wp-json\/wp\/v2\/pages\/171\/revisions"}],"predecessor-version":[{"id":4592,"href":"https:\/\/cpsanjorge.educacion.navarra.es\/web\/wp-json\/wp\/v2\/pages\/171\/revisions\/4592"}],"wp:attachment":[{"href":"https:\/\/cpsanjorge.educacion.navarra.es\/web\/wp-json\/wp\/v2\/media?parent=171"}],"curies":[{"name":"wp","href":"https:\/\/api.w.org\/{rel}","templated":true}]}}