{"id":159,"date":"2016-04-04T09:34:19","date_gmt":"2016-04-04T07:34:19","guid":{"rendered":"http:\/\/cpsanjorge.educacion.navarra.es\/web\/?page_id=159"},"modified":"2018-04-13T10:36:45","modified_gmt":"2018-04-13T08:36:45","slug":"administracion-y-documentos","status":"publish","type":"page","link":"https:\/\/cpsanjorge.educacion.navarra.es\/web\/administracion-y-documentos\/","title":{"rendered":"Documentos del Centro"},"content":{"rendered":"<p><strong>En los enlaces siguientes pod\u00e9is descargar documentos de inter\u00e9s para poder imprimirlos y traerlos al colegio, de esta manera se pueden agilizar los tr\u00e1mites que quer\u00e1is realizar <\/strong><\/p>\n<p><strong>Pincha en cualquiera de ellos para descargarlos.<\/strong><\/p>\n<p><a href=\"http:\/\/cpsanjorge.educacion.navarra.es\/web\/wp-content\/uploads\/2018\/04\/Ficha_Matr\u00edcula.pdf\" target=\"_blank\" rel=\"noopener\">Ficha de matr\u00edcula del colegio.<\/a><\/p>\n<p><a href=\"http:\/\/cpsanjorge.educacion.navarra.es\/web\/wp-content\/uploads\/2016\/04\/Autorizaci\u00f3n-Imagen-Actividades-Complementarias.pdf\" target=\"_blank\" rel=\"noopener\">Autorizaci\u00f3n de imagen y actividades complementarias.<\/a><\/p>\n<p><a href=\"http:\/\/cpsanjorge.educacion.navarra.es\/web\/wp-content\/uploads\/2016\/04\/Ausencia-1.pdf\" target=\"_blank\" rel=\"noopener\">Ausencia del alumno\/a en el Centro.<\/a><\/p>\n<p><a href=\"http:\/\/cpsanjorge.educacion.navarra.es\/web\/wp-content\/uploads\/2016\/04\/Baja-en-el-Centro.pdf\" target=\"_blank\" rel=\"noopener\">Baja del alumno\/a en el Centro.<\/a><\/p>\n<p><a href=\"http:\/\/cpsanjorge.educacion.navarra.es\/web\/wp-content\/uploads\/2016\/04\/Ficha-recogida.pdf\" target=\"_blank\" rel=\"noopener\">Ficha recogida del alumnado.<\/a><\/p>\n<p><a href=\"http:\/\/cpsanjorge.educacion.navarra.es\/web\/wp-content\/uploads\/2016\/04\/Franc\u00e9s_inscripci\u00f3n.pdf\" target=\"_blank\" rel=\"noopener\">Inscripci\u00f3n para Franc\u00e9s.<\/a><\/p>\n<p><a href=\"http:\/\/cpsanjorge.educacion.navarra.es\/web\/wp-content\/uploads\/2018\/04\/Actualizaci\u00f3n-de-datos.pdf\" target=\"_blank\" rel=\"noopener\">Ficha de actualizaci\u00f3n de datos personales.<\/a><\/p>\n","protected":false},"excerpt":{"rendered":"<p>En los enlaces siguientes pod\u00e9is descargar documentos de inter\u00e9s para poder imprimirlos y traerlos al colegio, de esta manera se pueden agilizar los tr\u00e1mites que quer\u00e1is realizar Pincha en cualquiera de ellos para descargarlos. Ficha de matr\u00edcula del colegio. Autorizaci\u00f3n de imagen y actividades complementarias. Ausencia del alumno\/a en el Centro. Baja del alumno\/a en &hellip; <\/p>\n<p class=\"link-more\"><a href=\"https:\/\/cpsanjorge.educacion.navarra.es\/web\/administracion-y-documentos\/\" class=\"more-link\">Continuar leyendo<span class=\"screen-reader-text\"> \u00abDocumentos del Centro\u00bb<\/span><\/a><\/p>\n","protected":false},"author":1,"featured_media":0,"parent":0,"menu_order":0,"comment_status":"closed","ping_status":"closed","template":"","meta":[],"_links":{"self":[{"href":"https:\/\/cpsanjorge.educacion.navarra.es\/web\/wp-json\/wp\/v2\/pages\/159"}],"collection":[{"href":"https:\/\/cpsanjorge.educacion.navarra.es\/web\/wp-json\/wp\/v2\/pages"}],"about":[{"href":"https:\/\/cpsanjorge.educacion.navarra.es\/web\/wp-json\/wp\/v2\/types\/page"}],"author":[{"embeddable":true,"href":"https:\/\/cpsanjorge.educacion.navarra.es\/web\/wp-json\/wp\/v2\/users\/1"}],"replies":[{"embeddable":true,"href":"https:\/\/cpsanjorge.educacion.navarra.es\/web\/wp-json\/wp\/v2\/comments?post=159"}],"version-history":[{"count":24,"href":"https:\/\/cpsanjorge.educacion.navarra.es\/web\/wp-json\/wp\/v2\/pages\/159\/revisions"}],"predecessor-version":[{"id":1186,"href":"https:\/\/cpsanjorge.educacion.navarra.es\/web\/wp-json\/wp\/v2\/pages\/159\/revisions\/1186"}],"wp:attachment":[{"href":"https:\/\/cpsanjorge.educacion.navarra.es\/web\/wp-json\/wp\/v2\/media?parent=159"}],"curies":[{"name":"wp","href":"https:\/\/api.w.org\/{rel}","templated":true}]}}