{"id":153,"date":"2016-04-04T09:33:32","date_gmt":"2016-04-04T07:33:32","guid":{"rendered":"http:\/\/cpsanjorge.educacion.navarra.es\/web\/?page_id=153"},"modified":"2024-02-15T10:54:02","modified_gmt":"2024-02-15T09:54:02","slug":"informacion-de-interes","status":"publish","type":"page","link":"https:\/\/cpsanjorge.educacion.navarra.es\/web\/informacion-de-interes\/","title":{"rendered":"Informaciones de inter\u00e9s"},"content":{"rendered":"<p><strong>Direcci\u00f3n Postal:<\/strong><\/p>\n<p>C.P.E.I.P. \u00abSan Jorge\u00bb<\/p>\n<p>C\/ Juaristi, s\/n<\/p>\n<p>31012 Pamplona (Navarra)<\/p>\n<p><strong>Tel\u00e9fonos y fax:<\/strong><\/p>\n<p>Tel\u00e9fono general: 948 175613\u00a0\u00a0\u00a0\u00a0 Tel\u00e9fono del edificio de infantil: 948 176430 \u00a0\u00a0 Fax: 948 176360<\/p>\n<p><strong>Correo electr\u00f3nico:<\/strong><\/p>\n<p>Correo general del centro: cpsanjor@educacion.navarra.es<\/p>\n<p><strong>Horario de atenci\u00f3n de la persona responsable de administraci\u00f3n <\/strong>(Carlos Seminario)<strong>:<\/strong><\/p>\n<p>De 9:00 h. a 14:00 h.<\/p>\n<p>Correo de administraci\u00f3n: cpsanjor-administracion@educacion.navarra.es<\/p>\n","protected":false},"excerpt":{"rendered":"<p>Direcci\u00f3n Postal: C.P.E.I.P. \u00abSan Jorge\u00bb C\/ Juaristi, s\/n 31012 Pamplona (Navarra) Tel\u00e9fonos y fax: Tel\u00e9fono general: 948 175613\u00a0\u00a0\u00a0\u00a0 Tel\u00e9fono del edificio de infantil: 948 176430 \u00a0\u00a0 Fax: 948 176360 Correo electr\u00f3nico: Correo general del centro: cpsanjor@educacion.navarra.es Horario de atenci\u00f3n de la persona responsable de administraci\u00f3n (Carlos Seminario): De 9:00 h. a 14:00 h. Correo de &hellip; <\/p>\n<p class=\"link-more\"><a href=\"https:\/\/cpsanjorge.educacion.navarra.es\/web\/informacion-de-interes\/\" class=\"more-link\">Continuar leyendo<span class=\"screen-reader-text\"> \u00abInformaciones de inter\u00e9s\u00bb<\/span><\/a><\/p>\n","protected":false},"author":1,"featured_media":0,"parent":0,"menu_order":0,"comment_status":"closed","ping_status":"closed","template":"","meta":[],"_links":{"self":[{"href":"https:\/\/cpsanjorge.educacion.navarra.es\/web\/wp-json\/wp\/v2\/pages\/153"}],"collection":[{"href":"https:\/\/cpsanjorge.educacion.navarra.es\/web\/wp-json\/wp\/v2\/pages"}],"about":[{"href":"https:\/\/cpsanjorge.educacion.navarra.es\/web\/wp-json\/wp\/v2\/types\/page"}],"author":[{"embeddable":true,"href":"https:\/\/cpsanjorge.educacion.navarra.es\/web\/wp-json\/wp\/v2\/users\/1"}],"replies":[{"embeddable":true,"href":"https:\/\/cpsanjorge.educacion.navarra.es\/web\/wp-json\/wp\/v2\/comments?post=153"}],"version-history":[{"count":11,"href":"https:\/\/cpsanjorge.educacion.navarra.es\/web\/wp-json\/wp\/v2\/pages\/153\/revisions"}],"predecessor-version":[{"id":3754,"href":"https:\/\/cpsanjorge.educacion.navarra.es\/web\/wp-json\/wp\/v2\/pages\/153\/revisions\/3754"}],"wp:attachment":[{"href":"https:\/\/cpsanjorge.educacion.navarra.es\/web\/wp-json\/wp\/v2\/media?parent=153"}],"curies":[{"name":"wp","href":"https:\/\/api.w.org\/{rel}","templated":true}]}}