{"id":149,"date":"2016-04-04T09:32:38","date_gmt":"2016-04-04T07:32:38","guid":{"rendered":"http:\/\/cpsanjorge.educacion.navarra.es\/web\/?page_id=149"},"modified":"2026-02-02T12:11:38","modified_gmt":"2026-02-02T11:11:38","slug":"historia","status":"publish","type":"page","link":"https:\/\/cpsanjorge.educacion.navarra.es\/web\/historia\/","title":{"rendered":"Presentaci\u00f3n. Misi\u00f3n, visi\u00f3n y valores."},"content":{"rendered":"<p style=\"text-align: justify;\"><span style=\"font-weight: 400;\">El CP San Jorge est\u00e1 viviendo un intenso proceso de transformaci\u00f3n a trav\u00e9s de la adopci\u00f3n del <strong>aprendizaje dial\u00f3gico<\/strong> como eje vertebrador de su quehacer diario. <span style=\"text-decoration: underline;\">El doble objetivo que perseguimos es que todo el alumnado aprenda m\u00e1s y mejor y todas las personas de la comunidad educativa disfrutemos de una convivencia armoniosa<\/span>. Esta pretensi\u00f3n sustenta la misi\u00f3n, visi\u00f3n y los valores de este centro.<\/span><\/p>\n<p><em><strong>Misi\u00f3n<\/strong><\/em><span style=\"font-weight: 400;\">:\u00a0<\/span><\/p>\n<p style=\"text-align: justify;\"><em><span style=\"font-weight: 400;\">Liderar un proyecto educativo basado en el aprendizaje dial\u00f3gico que pone en pr\u00e1ctica las actuaciones educativas de \u00e9xito identificadas por la comunidad cient\u00edfica internacional con compromiso \u00e9tico de transformaci\u00f3n social.<\/span><\/em><\/p>\n<p style=\"text-align: justify;\"><em><strong>Visi\u00f3n<\/strong><\/em><span style=\"font-weight: 400;\">:<\/span><\/p>\n<p><em><span style=\"font-weight: 400;\">Trabajar para alcanzar la excelencia acad\u00e9mica mediante la inclusi\u00f3n de todas las personas y culturas a trav\u00e9s de las mejores interacciones dial\u00f3gicas.<\/span><\/em><\/p>\n<p><strong><em>Valores<\/em><\/strong><span style=\"font-weight: 400;\">:<\/span><b>\u00a0<\/b><\/p>\n<p style=\"text-align: justify;\"><em><span style=\"font-weight: 400;\">Di\u00e1logo igualitario, transformaci\u00f3n, creaci\u00f3n de sentido, dimensi\u00f3n instrumental, igualdad de diferencias, inteligencia cultural, solidaridad. <\/span><span style=\"font-weight: 400;\">Estos siete valores o principios fundamentan la teor\u00eda del aprendizaje dial\u00f3gico (Flecha, 1997), que da sentido a nuestro quehacer educativo.\u00a0<\/span><\/em><\/p>\n<p style=\"text-align: justify;\"><span style=\"font-weight: 400;\">El <\/span><b>di\u00e1logo igualitario<\/b><span style=\"font-weight: 400;\">\u00a0 se desarrolla siempre a partir de la validez de los argumentos aportados (no de la imposici\u00f3n irracional), sin importar qu\u00e9 personas sean quienes los esgriman, y tiene el objeto de transformar las circunstancias adversas (<\/span><b>transformaci\u00f3n<\/b><span style=\"font-weight: 400;\">) en oportunidades de desarrollo. Para lograrlo es necesario <\/span><b>crear<\/b> <b>sentido <\/b><span style=\"font-weight: 400;\">a partir de experiencias educativas que conciten la bondad, la verdad y la belleza. Tambi\u00e9n es necesario acceder a un curr\u00edculum competencial (<\/span><b>dimensi\u00f3n instrumental<\/b><span style=\"font-weight: 400;\">) que haga m\u00e1s capaces a las alumnos y los alumnos y que potencie sus inteligencias acad\u00e9mica, comunicativa y pr\u00e1ctica (<\/span><b>inteligencia cultural<\/b><span style=\"font-weight: 400;\">) como medio para la igualdad de resultados, no solo de oportunidades (<\/span><b>igualdad de diferencias<\/b><span style=\"font-weight: 400;\">). Demanda, as\u00ed mismo, poner en pr\u00e1ctica la <\/span><b>solidaridad<\/b><span style=\"font-weight: 400;\"> con todas las personas, de modo que nadie se quede fuera de la sociedad de la informaci\u00f3n y conocimiento.<\/span><\/p>\n<p style=\"text-align: justify;\"><span style=\"font-weight: 400;\">Estos siete principios fundamentales dan sentido a las llamadas <\/span><b>actuaciones educativas de \u00e9xito<\/b><span style=\"font-weight: 400;\">, identificadas por la comunidad cient\u00edfica internacional, como son los <strong>grupos interactivos<\/strong>, las <strong>tertulias dial\u00f3gicas<\/strong>, la <strong>biblioteca tutorizada<\/strong>, el <strong>Modelo Dial\u00f3gico de Prevenci\u00f3n y Resoluci\u00f3n de Conflictos MDPRC<\/strong> -y el <strong>Club de Valientes<\/strong>-, la <strong>formaci\u00f3n de familiares<\/strong> y la <strong>formaci\u00f3n dial\u00f3gica del profesorado<\/strong>. <em>(Para m\u00e1s informaci\u00f3n sobre evidencias cient\u00edficas en educaci\u00f3n, cons\u00faltese la pesta\u00f1a <span style=\"text-decoration: underline;\">Peri\u00f3dico Educaci\u00f3n<\/span> en esta misma p\u00e1gina web).<\/em><\/span><\/p>\n<p style=\"text-align: justify;\"><span style=\"font-weight: 400;\">Las evidencias cient\u00edficas, por un lado, y la empat\u00eda y el compromiso \u00e9tico de todas las personas implicadas en la educaci\u00f3n de nuestro alumnado, por otro, constituyen la base de la participaci\u00f3n comunitaria que inspira y da sentido a este proyecto, cuyo <\/span><b>car\u00e1cter inclusivo<\/b><span style=\"font-weight: 400;\"> se centra en la presencia, participaci\u00f3n y aprendizaje de todo nuestro alumnado, y en la importancia creciente de las familias en la vida del centro. <\/span><\/p>\n<h2><strong>Instalaciones<\/strong><\/h2>\n<p style=\"text-align: justify;\"><span style=\"font-weight: 400;\">El colegio est\u00e1 ubicado en un entorno natural privilegiado, en la margen derecha del r\u00edo Arga. El conjunto arquitect\u00f3nico consta de dos edificios -uno para Educaci\u00f3n Infantil y otro para Primaria-, un extenso patio escolar que est\u00e1 siendo objeto de una paulatina transformaci\u00f3n, y un amplio patio cubierto.<\/span><\/p>\n<figure id=\"attachment_3198\" aria-describedby=\"caption-attachment-3198\" style=\"width: 640px\" class=\"wp-caption aligncenter\"><img loading=\"lazy\" class=\"size-large wp-image-3198\" src=\"https:\/\/cpsanjorge.educacion.navarra.es\/web\/wp-content\/uploads\/2023\/02\/Patio-en-transformacio\u0301n-1024x768.jpg\" alt=\"\" width=\"640\" height=\"480\" srcset=\"https:\/\/cpsanjorge.educacion.navarra.es\/web\/wp-content\/uploads\/2023\/02\/Patio-en-transformacio\u0301n-1024x768.jpg 1024w, https:\/\/cpsanjorge.educacion.navarra.es\/web\/wp-content\/uploads\/2023\/02\/Patio-en-transformacio\u0301n-300x225.jpg 300w, https:\/\/cpsanjorge.educacion.navarra.es\/web\/wp-content\/uploads\/2023\/02\/Patio-en-transformacio\u0301n-768x576.jpg 768w, https:\/\/cpsanjorge.educacion.navarra.es\/web\/wp-content\/uploads\/2023\/02\/Patio-en-transformacio\u0301n.jpg 1500w\" sizes=\"(max-width: 640px) 100vw, 640px\" \/><figcaption id=\"caption-attachment-3198\" class=\"wp-caption-text\">Muy recientemente se han colocado en el patio tres cerezos adultos en sendos parterres. Quedan otros tres a la espera. Una gran noticia a la que seguir\u00e1n otras a\u00fan mejores.<\/figcaption><\/figure>\n<p style=\"text-align: justify;\"><span style=\"font-weight: 400;\">Adem\u00e1s de las aulas correspondientes para cada nivel educativo -todas ellas amplias y luminosas-, el colegio dispone de las siguientes: el <strong>aula Pablo Picasso<\/strong> de Artes Pl\u00e1sticas, el <strong>aula Paulo Freire<\/strong> para la formaci\u00f3n de familiares y las clases de castellano, dos aulas de <strong>Inform\u00e1tica<\/strong> (Ed. Infantil y Ed. Primaria), aula de <strong>M\u00fasica<\/strong>, <strong>Franc\u00e9s<\/strong>, <strong>laboratorio<\/strong>, tres aulas de <strong>Ingl\u00e9s<\/strong>, dos aulas de <strong>Euskera<\/strong>, una de <strong>Religi\u00f3n<\/strong>, sala de <strong>Audiovisuales<\/strong>, sala de <strong>Psicomotricidad<\/strong> para el alumnado de Infantil, un gimnasio espacioso y un comedor. As\u00ed mismo, el centro dispone de pizarras digitales en toda Infantil y Primaria.<\/span><\/p>\n<figure id=\"attachment_3195\" aria-describedby=\"caption-attachment-3195\" style=\"width: 640px\" class=\"wp-caption aligncenter\"><img loading=\"lazy\" class=\"wp-image-3195 size-large\" src=\"https:\/\/cpsanjorge.educacion.navarra.es\/web\/wp-content\/uploads\/2023\/02\/Aula-Paulo-Freire-1024x768.jpg\" alt=\"\" width=\"640\" height=\"480\" srcset=\"https:\/\/cpsanjorge.educacion.navarra.es\/web\/wp-content\/uploads\/2023\/02\/Aula-Paulo-Freire-1024x768.jpg 1024w, https:\/\/cpsanjorge.educacion.navarra.es\/web\/wp-content\/uploads\/2023\/02\/Aula-Paulo-Freire-300x225.jpg 300w, https:\/\/cpsanjorge.educacion.navarra.es\/web\/wp-content\/uploads\/2023\/02\/Aula-Paulo-Freire-768x576.jpg 768w, https:\/\/cpsanjorge.educacion.navarra.es\/web\/wp-content\/uploads\/2023\/02\/Aula-Paulo-Freire.jpg 1500w\" sizes=\"(max-width: 640px) 100vw, 640px\" \/><figcaption id=\"caption-attachment-3195\" class=\"wp-caption-text\"><strong>Aula Paulo Freire<\/strong>.\u00a0<\/figcaption><\/figure>\n<figure id=\"attachment_3196\" aria-describedby=\"caption-attachment-3196\" style=\"width: 640px\" class=\"wp-caption aligncenter\"><img loading=\"lazy\" class=\"wp-image-3196 size-large\" src=\"https:\/\/cpsanjorge.educacion.navarra.es\/web\/wp-content\/uploads\/2023\/02\/Aula-Pablo-Picasso-1024x768.jpg\" alt=\"\" width=\"640\" height=\"480\" srcset=\"https:\/\/cpsanjorge.educacion.navarra.es\/web\/wp-content\/uploads\/2023\/02\/Aula-Pablo-Picasso-1024x768.jpg 1024w, https:\/\/cpsanjorge.educacion.navarra.es\/web\/wp-content\/uploads\/2023\/02\/Aula-Pablo-Picasso-300x225.jpg 300w, https:\/\/cpsanjorge.educacion.navarra.es\/web\/wp-content\/uploads\/2023\/02\/Aula-Pablo-Picasso-768x576.jpg 768w, https:\/\/cpsanjorge.educacion.navarra.es\/web\/wp-content\/uploads\/2023\/02\/Aula-Pablo-Picasso.jpg 1500w\" sizes=\"(max-width: 640px) 100vw, 640px\" \/><figcaption id=\"caption-attachment-3196\" class=\"wp-caption-text\"><strong>Aula Pablo Picasso<\/strong>. Este espacio ha sido creado exclusivamente para la educaci\u00f3n art\u00edstica.<\/figcaption><\/figure>\n<h2><\/h2>\n<figure id=\"attachment_3197\" aria-describedby=\"caption-attachment-3197\" style=\"width: 640px\" class=\"wp-caption aligncenter\"><img loading=\"lazy\" class=\"wp-image-3197 size-large\" src=\"https:\/\/cpsanjorge.educacion.navarra.es\/web\/wp-content\/uploads\/2023\/02\/Laboratorio-1024x768.jpg\" alt=\"\" width=\"640\" height=\"480\" srcset=\"https:\/\/cpsanjorge.educacion.navarra.es\/web\/wp-content\/uploads\/2023\/02\/Laboratorio-1024x768.jpg 1024w, https:\/\/cpsanjorge.educacion.navarra.es\/web\/wp-content\/uploads\/2023\/02\/Laboratorio-300x225.jpg 300w, https:\/\/cpsanjorge.educacion.navarra.es\/web\/wp-content\/uploads\/2023\/02\/Laboratorio-768x576.jpg 768w, https:\/\/cpsanjorge.educacion.navarra.es\/web\/wp-content\/uploads\/2023\/02\/Laboratorio.jpg 1500w\" sizes=\"(max-width: 640px) 100vw, 640px\" \/><figcaption id=\"caption-attachment-3197\" class=\"wp-caption-text\">Pronto al <strong>laboratorio<\/strong> le dar\u00e1 nombre una mujer. Lo mismo les ocurrir\u00e1 a otros espacios comunes del centro.<\/figcaption><\/figure>\n<h2><\/h2>\n<h2><strong>Rese\u00f1a hist\u00f3rica<\/strong><\/h2>\n<p style=\"text-align: justify;\"><span style=\"font-weight: 400;\">El centro fue inaugurado en el curso 1972-73, l<\/span><span style=\"font-weight: 400;\">o que hace que el presente 2022\/23 conmemoremos el cincuenta aniversario. Con el paso del tiempo San Jorge se fue transformando en un populoso barrio habitado por gente procedente de otras zonas de Navarra y de otras regiones espa\u00f1olas, atra\u00eddas por la oferta de empleo industrial en el naciente pol\u00edgono de Landaben, donde sigue ubicada la f\u00e1brica de Volkswagen. En el momento de su inauguraci\u00f3n el nuestro fue el \u00fanico centro p\u00fablico del barrio y el mayor colegio p\u00fablico de Navarra hasta que en el curso 86-87 se cre\u00f3 un nuevo colegio, que aglutin\u00f3 la oferta educativa del modelo ling\u00fc\u00edstico D (modelo de inmersi\u00f3n de ense\u00f1anza en euskera). <\/span><\/p>\n<p style=\"text-align: justify;\"><span style=\"font-weight: 400;\">Las dif\u00edciles circunstancias por las que atravesaba parte de la poblaci\u00f3n escolarizada en nuestro centro explica que el profesorado del colegio se haya visto hist\u00f3ricamente inmerso en un\u00a0 proceso continuo de formaci\u00f3n y actualizaci\u00f3n para dar la mejor respuesta a las necesidades del alumnado, cuyo n\u00famero creci\u00f3 de forma notabil\u00edsima: a partir del 2000 se produce un aumento constante de matriculaciones de alumnos, pasando de 219 alumnos en junio del 2000 a los 600 en diciembre del 2008.\u00a0<\/span><\/p>\n<p style=\"text-align: justify;\"><span style=\"font-weight: 400;\">\u00a0A d\u00eda de hoy contamos con alumnado de m\u00e1s de 30 nacionalidades, que aportan una gran riqueza cultural y ling\u00fc\u00edstica a un centro vivo como el nuestro, que necesita de la ciencia y de la \u00e9tica para desempe\u00f1ar su labor y acompa\u00f1ar en el camino del \u00e9xito escolar a todo el alumnado.<\/span><\/p>\n<h2><strong>Servicios del barrio.<\/strong><\/h2>\n<p><strong>Educativos.<\/strong> Adem\u00e1s de nuestro Colegio, existen:<\/p>\n<ul>\n<li>Escuela Infantil \u00a0\u00abSan Jorge\u00bb\u00a0 1<sup>er<\/sup> Ciclo de Ed. Infantil de 0 a tres a\u00f1os.<\/li>\n<li>C.P.E.I.P. \u201cSanduzelai\u201d de Educaci\u00f3n Infantil y Primaria modelo D, euskera.<\/li>\n<li>Instituto \u00abJulio Caro Baraja\u00bb E.S.O. y postobligatoria, al que van los alumnos de nuestro Centro al terminar la Ed. Primaria.<\/li>\n<\/ul>\n<p><strong>Culturales:<\/strong><\/p>\n<ul>\n<li>Asociaci\u00f3n de Vecinos.<\/li>\n<li>Club de Jubilados.<\/li>\n<li>Colectivo Umetxea Sanduzelai.<\/li>\n<\/ul>\n<p><strong>Deportivos:<\/strong><\/p>\n<ul>\n<li>Junta de Deportes del barrio<\/li>\n<\/ul>\n<p><strong>Salud:<\/strong><\/p>\n<ul>\n<li>Centro de Salud.<\/li>\n<\/ul>\n<p><strong>Religiosos:<\/strong><\/p>\n<ul>\n<li>Parroquia<\/li>\n<li>Mezquita<\/li>\n<\/ul>\n<p><strong>Espacios deportivos espec\u00edficos:<\/strong><\/p>\n<ul>\n<li>Campo de f\u00fatbol de hierba artificial y vestuarios.<\/li>\n<li>Patin\u00f3dromo con pista interior de futbito-balonmano y de baloncesto.<\/li>\n<li>Distintos parques infantiles.<\/li>\n<\/ul>\n<p><strong>Espacio de trabajo\u00a0 en red en el barrio:<\/strong><\/p>\n<ul>\n<li>P.E.I.P. San Jorge.<\/li>\n<li>Escuela Infantil de San Jorge.<\/li>\n<li>Sanduzelai Ikastetxe Publikoa.<\/li>\n<li>Apymas.<\/li>\n<li>Unidad de Barrio de San Jorge Programa de Incorporaci\u00f3n y de Infancia.<\/li>\n<li>IES Biurdana \/ IES Caro Baroja \/ IES Cuatro Vientos.<\/li>\n<li>Umetxea.<\/li>\n<li>Centro de Salud.<\/li>\n<li>Kamira.<\/li>\n<li>Servicio Educativo Intercultural (SEI).<\/li>\n<li>EEN, Scouts Cat\u00f3licos de Navarra.<\/li>\n<li>Escuela de Tiempo Libre Saioa.<\/li>\n<li>Fundaci\u00f3n CORE.<\/li>\n<li>Asociaci\u00f3n La Majar\u00ed \/ Fundaci\u00f3n Secretariado Gitano.<\/li>\n<li>Federaci\u00f3n Auzol\u00e1n.<\/li>\n<li>AAVV Sanduzelai.<\/li>\n<li>Herri Ekimena.<\/li>\n<li>Parroquia San Jorge.<\/li>\n<li>Fundaci\u00f3n Adsis. Proyecto Puzzle.<\/li>\n<\/ul>\n","protected":false},"excerpt":{"rendered":"<p>El CP San Jorge est\u00e1 viviendo un intenso proceso de transformaci\u00f3n a trav\u00e9s de la adopci\u00f3n del aprendizaje dial\u00f3gico como eje vertebrador de su quehacer diario. El doble objetivo que perseguimos es que todo el alumnado aprenda m\u00e1s y mejor y todas las personas de la comunidad educativa disfrutemos de una convivencia armoniosa. Esta pretensi\u00f3n &hellip; <\/p>\n<p class=\"link-more\"><a href=\"https:\/\/cpsanjorge.educacion.navarra.es\/web\/historia\/\" class=\"more-link\">Continuar leyendo<span class=\"screen-reader-text\"> \u00abPresentaci\u00f3n. Misi\u00f3n, visi\u00f3n y valores.\u00bb<\/span><\/a><\/p>\n","protected":false},"author":1,"featured_media":0,"parent":0,"menu_order":0,"comment_status":"closed","ping_status":"closed","template":"","meta":[],"_links":{"self":[{"href":"https:\/\/cpsanjorge.educacion.navarra.es\/web\/wp-json\/wp\/v2\/pages\/149"}],"collection":[{"href":"https:\/\/cpsanjorge.educacion.navarra.es\/web\/wp-json\/wp\/v2\/pages"}],"about":[{"href":"https:\/\/cpsanjorge.educacion.navarra.es\/web\/wp-json\/wp\/v2\/types\/page"}],"author":[{"embeddable":true,"href":"https:\/\/cpsanjorge.educacion.navarra.es\/web\/wp-json\/wp\/v2\/users\/1"}],"replies":[{"embeddable":true,"href":"https:\/\/cpsanjorge.educacion.navarra.es\/web\/wp-json\/wp\/v2\/comments?post=149"}],"version-history":[{"count":30,"href":"https:\/\/cpsanjorge.educacion.navarra.es\/web\/wp-json\/wp\/v2\/pages\/149\/revisions"}],"predecessor-version":[{"id":4658,"href":"https:\/\/cpsanjorge.educacion.navarra.es\/web\/wp-json\/wp\/v2\/pages\/149\/revisions\/4658"}],"wp:attachment":[{"href":"https:\/\/cpsanjorge.educacion.navarra.es\/web\/wp-json\/wp\/v2\/media?parent=149"}],"curies":[{"name":"wp","href":"https:\/\/api.w.org\/{rel}","templated":true}]}}