{"id":1153,"date":"2018-03-05T11:35:03","date_gmt":"2018-03-05T10:35:03","guid":{"rendered":"http:\/\/cpsanjorge.educacion.navarra.es\/web\/?page_id=1153"},"modified":"2023-10-06T22:40:33","modified_gmt":"2023-10-06T20:40:33","slug":"plan-de-convivencia","status":"publish","type":"page","link":"https:\/\/cpsanjorge.educacion.navarra.es\/web\/plan-de-convivencia\/","title":{"rendered":"Plan de Convivencia"},"content":{"rendered":"<p>El Plan de Convivencia vigente fue aprobado en el Consejo Escolar del 17 de mayo de 2018.<\/p>\n<p>Puedes consultar el Plan\u00a0 pinchado en el siguiente enlace: <a href=\"https:\/\/drive.google.com\/file\/d\/1OoG6i4QPkrlSOpZCRD7K_kc1FLWvSIXe\/view?usp=sharing\" target=\"_blank\" rel=\"noopener noreferrer\"><em><strong>Plan de Convivencia C.P.E.I.P. San Jorge.<\/strong><\/em><\/a><\/p>\n<p>\u00a0<\/p>\n\n\n<p>Durante el presente curso 2023\/24 el Plan de Convivencia se revisar\u00e1 para su modificaci\u00f3n y actualizaci\u00f3n.<\/p>\n","protected":false},"excerpt":{"rendered":"<p>El Plan de Convivencia vigente fue aprobado en el Consejo Escolar del 17 de mayo de 2018. Puedes consultar el Plan\u00a0 pinchado en el siguiente enlace: Plan de Convivencia C.P.E.I.P. San Jorge. \u00a0 Durante el presente curso 2023\/24 el Plan de Convivencia se revisar\u00e1 para su modificaci\u00f3n y actualizaci\u00f3n.<\/p>\n","protected":false},"author":1,"featured_media":0,"parent":0,"menu_order":0,"comment_status":"closed","ping_status":"closed","template":"","meta":[],"_links":{"self":[{"href":"https:\/\/cpsanjorge.educacion.navarra.es\/web\/wp-json\/wp\/v2\/pages\/1153"}],"collection":[{"href":"https:\/\/cpsanjorge.educacion.navarra.es\/web\/wp-json\/wp\/v2\/pages"}],"about":[{"href":"https:\/\/cpsanjorge.educacion.navarra.es\/web\/wp-json\/wp\/v2\/types\/page"}],"author":[{"embeddable":true,"href":"https:\/\/cpsanjorge.educacion.navarra.es\/web\/wp-json\/wp\/v2\/users\/1"}],"replies":[{"embeddable":true,"href":"https:\/\/cpsanjorge.educacion.navarra.es\/web\/wp-json\/wp\/v2\/comments?post=1153"}],"version-history":[{"count":4,"href":"https:\/\/cpsanjorge.educacion.navarra.es\/web\/wp-json\/wp\/v2\/pages\/1153\/revisions"}],"predecessor-version":[{"id":3560,"href":"https:\/\/cpsanjorge.educacion.navarra.es\/web\/wp-json\/wp\/v2\/pages\/1153\/revisions\/3560"}],"wp:attachment":[{"href":"https:\/\/cpsanjorge.educacion.navarra.es\/web\/wp-json\/wp\/v2\/media?parent=1153"}],"curies":[{"name":"wp","href":"https:\/\/api.w.org\/{rel}","templated":true}]}}